{"id":4248,"date":"2018-12-19T06:22:28","date_gmt":"2018-12-19T06:22:28","guid":{"rendered":"http:\/\/192.168.1.114\/havnor-demo\/creative-agency\/?page_id=4248"},"modified":"2025-08-27T20:34:33","modified_gmt":"2025-08-27T20:34:33","slug":"iletisim","status":"publish","type":"page","link":"https:\/\/werhere.nl\/tr\/iletisim\/","title":{"rendered":"\u0130leti\u015fim"},"content":{"rendered":"<p>[vc_row][vc_column width=&#8221;2\/3&#8243;][vc_column_text]<strong><em>Genel Bilgi ve Sorular<\/em><\/strong><\/p>\n<p><em>Genel sorular\u0131n\u0131z i\u00e7in l\u00fctfen e-posta g\u00f6nderin: <a href=\"mailto:info@werhere.nl\"><strong>info@werhere.nl<\/strong><\/a><br \/>\nAyr\u0131ca a\u015fa\u011f\u0131daki ileti\u015fim formunu doldurarak da bize ula\u015fabilirsiniz.<\/em>[\/vc_column_text][\/vc_column][vc_column width=&#8221;1\/3&#8243;][\/vc_column][\/vc_row][vc_row][vc_column]<div class=\"wpcf7 no-js\" id=\"wpcf7-f5668-o1\" lang=\"en-US\" dir=\"ltr\">\n<div class=\"screen-reader-response\"><p role=\"status\" aria-live=\"polite\" aria-atomic=\"true\"><\/p> <ul><\/ul><\/div>\n<form action=\"\/tr\/wp-json\/wp\/v2\/pages\/4248#wpcf7-f5668-o1\" method=\"post\" class=\"wpcf7-form init\" aria-label=\"Contact form\" novalidate=\"novalidate\" data-status=\"init\">\n<div style=\"display: none;\">\n<input type=\"hidden\" name=\"_wpcf7\" value=\"5668\" \/>\n<input type=\"hidden\" name=\"_wpcf7_version\" value=\"5.7\" \/>\n<input type=\"hidden\" name=\"_wpcf7_locale\" value=\"en_US\" \/>\n<input type=\"hidden\" name=\"_wpcf7_unit_tag\" value=\"wpcf7-f5668-o1\" \/>\n<input type=\"hidden\" name=\"_wpcf7_container_post\" value=\"0\" \/>\n<input type=\"hidden\" name=\"_wpcf7_posted_data_hash\" value=\"\" \/>\n<input type=\"hidden\" name=\"_wpcf7cf_hidden_group_fields\" value=\"[]\" \/>\n<input type=\"hidden\" name=\"_wpcf7cf_hidden_groups\" value=\"[]\" \/>\n<input type=\"hidden\" name=\"_wpcf7cf_visible_groups\" value=\"[]\" \/>\n<input type=\"hidden\" name=\"_wpcf7cf_repeaters\" value=\"[]\" \/>\n<input type=\"hidden\" name=\"_wpcf7cf_steps\" value=\"{}\" \/>\n<input type=\"hidden\" name=\"_wpcf7cf_options\" value=\"{&quot;form_id&quot;:5668,&quot;conditions&quot;:[],&quot;settings&quot;:{&quot;animation&quot;:&quot;yes&quot;,&quot;animation_intime&quot;:200,&quot;animation_outtime&quot;:200,&quot;conditions_ui&quot;:&quot;normal&quot;,&quot;notice_dismissed&quot;:false}}\" \/>\n<\/div>\n<h1>\u0130leti\u015fim i\u00e7in formu doldurunuz\n<\/h1>\n<p><br \/>\n<\/p>\n<div class=\"row\">\n\t<p><br \/>\n\t<\/p>\n\t<div class=\"col-sm-6\">\n\t\t<p><span class=\"wpcf7-form-control-wrap\" data-name=\"naam\"><input size=\"40\" class=\"wpcf7-form-control wpcf7-text wpcf7-validates-as-required\" aria-required=\"true\" aria-invalid=\"false\" placeholder=\"\u0130sim *\" value=\"\" type=\"text\" name=\"naam\" \/><\/span>\n\t\t<\/p>\n\t<\/div>\n\t<p><br \/>\n\t<\/p>\n\t<div class=\"col-sm-6\">\n\t\t<p><span class=\"wpcf7-form-control-wrap\" data-name=\"naam\"><input size=\"40\" class=\"wpcf7-form-control wpcf7-text wpcf7-validates-as-required\" aria-required=\"true\" aria-invalid=\"false\" placeholder=\"Soyisim *\" value=\"\" type=\"text\" name=\"naam\" \/><\/span>\n\t\t<\/p>\n\t<\/div>\n\t<p><br \/>\n\t<\/p>\n\t<div class=\"col-sm-6\">\n\t\t<p><span class=\"wpcf7-form-control-wrap\" data-name=\"email\"><input size=\"40\" class=\"wpcf7-form-control wpcf7-text wpcf7-email wpcf7-validates-as-required wpcf7-validates-as-email\" aria-required=\"true\" aria-invalid=\"false\" placeholder=\"E-mail *\" value=\"\" type=\"email\" name=\"email\" \/><\/span>\n\t\t<\/p>\n\t<\/div>\n\t<p><br \/>\n\t<\/p>\n\t<div class=\"col-sm-6\">\n\t\t<p><span class=\"wpcf7-form-control-wrap\" data-name=\"tel\"><input size=\"40\" class=\"wpcf7-form-control wpcf7-text wpcf7-tel wpcf7-validates-as-required wpcf7-validates-as-tel\" aria-required=\"true\" aria-invalid=\"false\" placeholder=\"Telefon *\" value=\"\" type=\"tel\" name=\"tel\" \/><\/span>\n\t\t<\/p>\n\t<\/div>\n\t<p><br \/>\n\t<\/p>\n\t<div class=\"col-sm-12\">\n\t\t<p><span class=\"wpcf7-form-control-wrap\" data-name=\"bericht\"><textarea cols=\"40\" rows=\"10\" class=\"wpcf7-form-control wpcf7-textarea wpcf7-validates-as-required\" aria-required=\"true\" aria-invalid=\"false\" placeholder=\"Mesaj\u0131n\u0131z *\" name=\"bericht\"><\/textarea><\/span>\n\t\t<\/p>\n\t<\/div>\n\t<p><br \/>\n\t<\/p>\n\t<div class=\"col-sm-12\">\n\t\t<p><input class=\"wpcf7-form-control has-spinner wpcf7-submit\" type=\"submit\" value=\"G\u00f6nder\" \/>\n\t\t<\/p>\n\t<\/div>\n\t<p><br \/>\n\t<\/p>\n<\/div><div class=\"wpcf7-response-output\" aria-hidden=\"true\"><\/div><\/form><\/div>[\/vc_column][\/vc_row][vc_row overlay_dotted=&#8221;&#8221; css=&#8221;.vc_custom_1756326864200{margin-top: 30px !important;}&#8221;][vc_column][vc_column_text]<strong><em>Adreslerimiz<\/em><\/strong><\/p>\n<p><strong><em>Regus \u2013 Arnhem, Business Park<\/em><\/strong><em><br \/>\nMeester B.M. Teldersstraat 7<br \/>\n6842 CT Arnhem<\/em><\/p>\n<p><strong><em>Veenendaal Ofisi<\/em><\/strong><em><br \/>\nLandjuweel 44<br \/>\n3905 PH Veenendaal<\/em><\/p>\n<p><strong><em>B\u00fclten Kayd\u0131<\/em><\/strong><\/p>\n<p><em>We\u2019RHERE\u2019nin yeni projelerinden, e\u011fitimlerinden ve etkinliklerinden haberdar olmak i\u00e7in <strong>b\u00fcltenimize abone olun<\/strong>.<br \/>\nA\u015fa\u011f\u0131daki formdan hem ileti\u015fim hem de b\u00fclten kayd\u0131n\u0131z\u0131 yapabilirsiniz.<\/em>[\/vc_column_text][\/vc_column][\/vc_row]<\/p>\n","protected":false},"excerpt":{"rendered":"[vc_row][vc_column width=&#8221;2\/3&#8243;][vc_column_text]Genel Bilgi ve Sorular Genel sorular\u0131n\u0131z i\u00e7in l\u00fctfen e-posta g\u00f6nderin: info@werhere.nl Ayr\u0131ca a\u015fa\u011f\u0131daki ileti\u015fim formunu doldurarak da bize ula\u015fabilirsiniz.[\/vc_column_text][\/vc_column][vc_column width=&#8221;1\/3&#8243;][\/vc_column][\/vc_row][vc_row][vc_column][\/vc_column][\/vc_row][vc_row overlay_dotted=&#8221;&#8221; css=&#8221;.vc_custom_1756326864200{margin-top: 30px !important;}&#8221;][vc_column][vc_column_text]Adreslerimiz Regus \u2013 Arnhem, Business Park Meester B.M. Teldersstraat 7 6842 CT Arnhem Veenendaal Ofisi Landjuweel 44 3905 PH Veenendaal B\u00fclten Kayd\u0131 We\u2019RHERE\u2019nin yeni projelerinden, e\u011fitimlerinden ve etkinliklerinden haberdar olmak i\u00e7in&#8230;","protected":false},"author":1,"featured_media":0,"parent":0,"menu_order":0,"comment_status":"closed","ping_status":"closed","template":"","meta":{"_seopress_robots_primary_cat":""},"_links":{"self":[{"href":"https:\/\/werhere.nl\/tr\/wp-json\/wp\/v2\/pages\/4248"}],"collection":[{"href":"https:\/\/werhere.nl\/tr\/wp-json\/wp\/v2\/pages"}],"about":[{"href":"https:\/\/werhere.nl\/tr\/wp-json\/wp\/v2\/types\/page"}],"author":[{"embeddable":true,"href":"https:\/\/werhere.nl\/tr\/wp-json\/wp\/v2\/users\/1"}],"replies":[{"embeddable":true,"href":"https:\/\/werhere.nl\/tr\/wp-json\/wp\/v2\/comments?post=4248"}],"version-history":[{"count":30,"href":"https:\/\/werhere.nl\/tr\/wp-json\/wp\/v2\/pages\/4248\/revisions"}],"predecessor-version":[{"id":6253,"href":"https:\/\/werhere.nl\/tr\/wp-json\/wp\/v2\/pages\/4248\/revisions\/6253"}],"wp:attachment":[{"href":"https:\/\/werhere.nl\/tr\/wp-json\/wp\/v2\/media?parent=4248"}],"curies":[{"name":"wp","href":"https:\/\/api.w.org\/{rel}","templated":true}]}}