{"id":4444,"date":"2021-08-25T11:33:48","date_gmt":"2021-08-25T11:33:48","guid":{"rendered":"https:\/\/werhere.nl\/tr\/?page_id=4444"},"modified":"2021-12-22T13:28:17","modified_gmt":"2021-12-22T13:28:17","slug":"egitimlerimiz","status":"publish","type":"page","link":"https:\/\/werhere.nl\/tr\/egitimlerimiz\/","title":{"rendered":"E\u011fitimlerimiz"},"content":{"rendered":"<p>[vc_row][vc_column width=&#8221;2\/3&#8243;][vc_column_text]E\u011fitimler \u00fccretsizdir ve talep \u00fczerine yeniden veya farkl\u0131 konularda organize edilebilir. E\u011fitimlerin organize edilebilmesi i\u00e7in minimum 10 yeti\u015fkin \u015fart\u0131 vard\u0131r. E\u011fitimlerimiz \u015fimdiye kadar 10 farkl\u0131 lokasyonda ve ayr\u0131ca online olarak toplamda y\u00fczlerce ki\u015fiye verilmi\u015ftir.[\/vc_column_text][\/vc_column][vc_column width=&#8221;1\/3&#8243;][\/vc_column][\/vc_row][vc_row][vc_column width=&#8221;1\/2&#8243;][vc_column_text css=&#8221;.vc_custom_1636636286735{margin-bottom: 0px !important;padding-bottom: 0px !important;}&#8221;]<\/p>\n<h3>Perspektif Seminerleri<\/h3>\n<p>Perspektif Seminerleri be\u015f ana ba\u015fl\u0131ktan olu\u015fan bir entegrasyon e\u011fitimidir.[\/vc_column_text]<div class=\"hanor-btns-group  hanor-btn-69d98a2048d77 cpation-left \"><a href=\"\/tr\/egitimlerimiz\/perspektif-seminerleri\/\" class=\"hanor-btn\"><span class=\"hanor-btn-text\">Devam\u0131n\u0131 oku<\/span><\/a><\/div>[\/vc_column][vc_column width=&#8221;1\/2&#8243;][vc_column_text css=&#8221;.vc_custom_1636636292586{margin-bottom: 0px !important;padding-bottom: 0px !important;}&#8221;]<\/p>\n<h3>\u0130\u015fe Haz\u0131rl\u0131k Seminerleri<\/h3>\n<p>Hollanda\u2019da i\u015f g\u00f6r\u00fc\u015fmelerinde ki\u015finin k\u0131sa sure i\u00e7erisinde yani yakla\u015f\u0131k 2 dakika i\u00e7erisinde kendisini ak\u0131c\u0131 bir \u015fekilde tan\u0131tmas\u0131 beklenmektedir.[\/vc_column_text]<div class=\"hanor-btns-group  hanor-btn-69d98a2048d85 cpation-left \"><a href=\"\/tr\/egitimlerimiz\/ise-hazirlik-seminerleri\/\" class=\"hanor-btn\"><span class=\"hanor-btn-text\">Devam\u0131n\u0131 oku<\/span><\/a><\/div>[\/vc_column][\/vc_row][vc_row][vc_column width=&#8221;1\/2&#8243;][vc_column_text]<\/p>\n<h3>Kocluk saati<\/h3>\n<p>Kuruldu\u011fu g\u00fcnden bu yana gerek e-mail gibi ileti\u015fim kanallar\u0131yla gerekse \u00f6zel olarak werhere.nl\u2019ye bir \u00e7ok soru ula\u015fmaktad\u0131r. Bu sorulara cevap verebilmek i\u00e7in ko\u00e7luk saati planlanm\u0131\u015ft\u0131r. Gelen sorular bu program i\u00e7erisinde cevaplanmaktad\u0131r.[\/vc_column_text][\/vc_column][vc_column width=&#8221;1\/2&#8243;][\/vc_column][\/vc_row]<\/p>\n","protected":false},"excerpt":{"rendered":"[vc_row][vc_column width=&#8221;2\/3&#8243;][vc_column_text]E\u011fitimler \u00fccretsizdir ve talep \u00fczerine yeniden veya farkl\u0131 konularda organize edilebilir. E\u011fitimlerin organize edilebilmesi i\u00e7in minimum 10 yeti\u015fkin \u015fart\u0131 vard\u0131r. E\u011fitimlerimiz \u015fimdiye kadar 10 farkl\u0131 lokasyonda ve ayr\u0131ca online olarak toplamda y\u00fczlerce ki\u015fiye verilmi\u015ftir.[\/vc_column_text][\/vc_column][vc_column width=&#8221;1\/3&#8243;][\/vc_column][\/vc_row][vc_row][vc_column width=&#8221;1\/2&#8243;][vc_column_text css=&#8221;.vc_custom_1636636286735{margin-bottom: 0px !important;padding-bottom: 0px !important;}&#8221;] Perspektif Seminerleri Perspektif Seminerleri be\u015f ana ba\u015fl\u0131ktan olu\u015fan bir entegrasyon e\u011fitimidir.[\/vc_column_text][\/vc_column][vc_column width=&#8221;1\/2&#8243;][vc_column_text css=&#8221;.vc_custom_1636636292586{margin-bottom:&#8230;","protected":false},"author":1,"featured_media":0,"parent":0,"menu_order":0,"comment_status":"closed","ping_status":"closed","template":"","meta":{"_seopress_robots_primary_cat":""},"_links":{"self":[{"href":"https:\/\/werhere.nl\/tr\/wp-json\/wp\/v2\/pages\/4444"}],"collection":[{"href":"https:\/\/werhere.nl\/tr\/wp-json\/wp\/v2\/pages"}],"about":[{"href":"https:\/\/werhere.nl\/tr\/wp-json\/wp\/v2\/types\/page"}],"author":[{"embeddable":true,"href":"https:\/\/werhere.nl\/tr\/wp-json\/wp\/v2\/users\/1"}],"replies":[{"embeddable":true,"href":"https:\/\/werhere.nl\/tr\/wp-json\/wp\/v2\/comments?post=4444"}],"version-history":[{"count":11,"href":"https:\/\/werhere.nl\/tr\/wp-json\/wp\/v2\/pages\/4444\/revisions"}],"predecessor-version":[{"id":4817,"href":"https:\/\/werhere.nl\/tr\/wp-json\/wp\/v2\/pages\/4444\/revisions\/4817"}],"wp:attachment":[{"href":"https:\/\/werhere.nl\/tr\/wp-json\/wp\/v2\/media?parent=4444"}],"curies":[{"name":"wp","href":"https:\/\/api.w.org\/{rel}","templated":true}]}}