{"id":4450,"date":"2021-08-25T11:41:59","date_gmt":"2021-08-25T11:41:59","guid":{"rendered":"https:\/\/werhere.nl\/tr\/?page_id=4450"},"modified":"2021-10-28T14:22:28","modified_gmt":"2021-10-28T14:22:28","slug":"perspektif-seminerleri","status":"publish","type":"page","link":"https:\/\/werhere.nl\/tr\/egitimlerimiz\/perspektif-seminerleri\/","title":{"rendered":"Perspektif Seminerleri"},"content":{"rendered":"<p>[vc_row][vc_column width=&#8221;2\/3&#8243;]<section class=\"hanor-counting  hanor-counting-69d9a25e98e94\">\n                <div class=\"counting-wrap\"> <div class=\"item\"><div class=\"count-item\"><div class=\"counter-value\">01.<\/div> <div class=\"counting-content-area\"><h3 class=\"couting-title\">Hofstede Modeline G\u00f6re K\u00fclt\u00fcrel Farklar\u0131n Anla\u015f\u0131lmas\u0131:<\/h3><p>T\u00fcm d\u00fcnyada kabul g\u00f6rm\u00fc\u015f Hofstede Kuram\u0131 temel al\u0131narak haz\u0131rlanm\u0131\u015f bu e\u011fitim, Hollanda\u2019ya yeni gelenlerin kendi \u00fclkeleri ile Hollanda aras\u0131ndaki k\u00fclt\u00fcrel farklar\u0131 daha iyi anlayabilmesine ve i\u00e7selle\u015ftirebilmesine yard\u0131mc\u0131 olmaktad\u0131r.<\/p><\/div> <\/div><\/div><div class=\"item\"><div class=\"count-item\"><div class=\"counter-value\">02.<\/div> <div class=\"counting-content-area\"><h3 class=\"couting-title\">Tarihi Perspektifden Hollanda\u2019da Din ve Dindara Bak\u0131\u015f A\u00e7\u0131s\u0131:<\/h3><p>Bu e\u011fitim tarihsel s\u00fcre\u00e7 i\u00e7erisinde Hollanda\u2019n\u0131n din ve dindarl\u0131k a\u00e7\u0131s\u0131ndan ya\u015fad\u0131\u011f\u0131 de\u011fi\u015fimleri ve bu s\u00fcrecin bug\u00fcne etkilerini i\u00e7ermektedir. <\/p><\/div> <\/div><\/div><div class=\"item\"><div class=\"count-item\"><div class=\"counter-value\">03.<\/div> <div class=\"counting-content-area\"><h3 class=\"couting-title\">\u0130\u015f Perspektifi ve Sosyal Kat\u0131l\u0131mc\u0131l\u0131k<\/h3><p>Etkili ve \u00f6zg\u00fcn CV nasil haz\u0131rlan\u0131r? Hollanda\u2019da \u015firketler i\u015fe al\u0131m yaparken nelere dikkat eder? Sizi \u00f6ne \u00e7\u0131karacak motivasyon mektubu neler i\u00e7ermelidir? Staj ve g\u00f6n\u00fcll\u00fc \u00e7al\u0131\u015fma aras\u0131ndaki farklar nelerdir? gibi sorulara cevap verilen bir e\u011fitimdir.<\/p><\/div> <\/div><\/div><div class=\"item\"><div class=\"count-item\"><div class=\"counter-value\">04.<\/div> <div class=\"counting-content-area\"><h3 class=\"couting-title\">Hollanda'da E\u011fitim Sistemi<\/h3><p>Bu e\u011fitimimiz temelde Hollanda e\u011fitim sistemini detayl\u0131 bir \u015fekilde g\u00f6stererek Hollanda\u2019ya yeni gelenlerin bu e\u011fitim sistemi hakk\u0131nda bilgi edinmelerine, kendileri ve \u00e7ocuklar\u0131 i\u00e7in uygun e\u011fitimleri se\u00e7melerine yard\u0131mc\u0131 olmaktad\u0131r.<\/p><\/div> <\/div><\/div><div class=\"item\"><div class=\"count-item\"><div class=\"counter-value\">05.<\/div> <div class=\"counting-content-area\"><h3 class=\"couting-title\">Sekt\u00f6rel E\u011fitim<\/h3><p>Yeni meslek edinmek isteyen, \u00f6zellikle kariyerlerini yeniden d\u00fczenlemek i\u00e7in hevesli ki\u015filer i\u00e7in \u00e7\u00f6z\u00fcm orta\u011f\u0131 olarak \u00e7al\u0131\u015ft\u0131\u011f\u0131m\u0131z kurum ve kurulu\u015flar ile birlikte sekt\u00f6rel bazda i\u015f ve staj imkanlar\u0131na y\u00f6nelik kolektif e\u011fitim ve kurslar organize etmekteyiz.<\/p><\/div> <\/div><\/div><\/div><\/section>[\/vc_column][vc_column width=&#8221;1\/3&#8243;][\/vc_column][\/vc_row]<\/p>\n","protected":false},"excerpt":{"rendered":"[vc_row][vc_column width=&#8221;2\/3&#8243;][\/vc_column][vc_column width=&#8221;1\/3&#8243;][\/vc_column][\/vc_row]","protected":false},"author":1,"featured_media":0,"parent":4444,"menu_order":0,"comment_status":"closed","ping_status":"closed","template":"","meta":{"_seopress_robots_primary_cat":""},"_links":{"self":[{"href":"https:\/\/werhere.nl\/tr\/wp-json\/wp\/v2\/pages\/4450"}],"collection":[{"href":"https:\/\/werhere.nl\/tr\/wp-json\/wp\/v2\/pages"}],"about":[{"href":"https:\/\/werhere.nl\/tr\/wp-json\/wp\/v2\/types\/page"}],"author":[{"embeddable":true,"href":"https:\/\/werhere.nl\/tr\/wp-json\/wp\/v2\/users\/1"}],"replies":[{"embeddable":true,"href":"https:\/\/werhere.nl\/tr\/wp-json\/wp\/v2\/comments?post=4450"}],"version-history":[{"count":6,"href":"https:\/\/werhere.nl\/tr\/wp-json\/wp\/v2\/pages\/4450\/revisions"}],"predecessor-version":[{"id":4705,"href":"https:\/\/werhere.nl\/tr\/wp-json\/wp\/v2\/pages\/4450\/revisions\/4705"}],"up":[{"embeddable":true,"href":"https:\/\/werhere.nl\/tr\/wp-json\/wp\/v2\/pages\/4444"}],"wp:attachment":[{"href":"https:\/\/werhere.nl\/tr\/wp-json\/wp\/v2\/media?parent=4450"}],"curies":[{"name":"wp","href":"https:\/\/api.w.org\/{rel}","templated":true}]}}