{"id":4457,"date":"2021-08-25T12:27:45","date_gmt":"2021-08-25T12:27:45","guid":{"rendered":"https:\/\/werhere.nl\/tr\/?page_id=4457"},"modified":"2021-10-28T14:32:27","modified_gmt":"2021-10-28T14:32:27","slug":"ise-hazirlik-seminerleri","status":"publish","type":"page","link":"https:\/\/werhere.nl\/tr\/egitimlerimiz\/ise-hazirlik-seminerleri\/","title":{"rendered":"\u0130\u015fe Haz\u0131rl\u0131k Seminerleri"},"content":{"rendered":"<p>[vc_row full_width=&#8221;stretch_row_content&#8221; overlay_dotted=&#8221;&#8221; css=&#8221;.vc_custom_1635327128254{margin-top: 60px !important;margin-bottom: 60px !important;padding-right: 10% !important;padding-left: 10% !important;}&#8221;][vc_column]<div class=\"hanor-difference hanor-difference-69d9a3f9400ef \">\n                <div class=\"difference-item\">\n                  <div class=\"row\">\n                    <div class=\"col-md-6 hanor-item difference-prim\">\n                      <div class=\"hanor-background hanor-parallax\" style=\"background-image: url(https:\/\/werhere.nl\/tr\/wp-content\/uploads\/sites\/3\/2021\/09\/thisisengineering-raeng-M_NvKwSOkug-unsplash-scaled.jpg);\"><\/div>\n                    <\/div>\n                    <div class=\"col-md-6 hanor-item difference-seco  content-left-align\">\n                      <div class=\"hanor-table-wrap\">\n                        <div class=\"hanor-align-wrap\">\n                          <div class=\"difference-info\">\n                          <h2 class=\"difference-title\">Kendini tan\u0131tma \u2018Pitch\u2019 e\u011fitimi<\/h2><p>Hollanda\u2019da i\u015f g\u00f6r\u00fc\u015fmelerinde ki\u015finin k\u0131sa sure i\u00e7erisinde yani yakla\u015f\u0131k 2 dakika i\u00e7erisinde kendisini ak\u0131c\u0131 bir \u015fekilde tan\u0131tmas\u0131 beklenmektedir. \u00d6zellikle Werhere faaliyetleri \u00e7er\u00e7evesinde i\u015fe y\u00f6nlendirme yap\u0131lan \u00fcyelere y\u00f6nelik yap\u0131lan \u00f6zel bir e\u011fitimdir.<\/p><\/div>\n                        <\/div>\n                      <\/div>\n                    <\/div>\n                  <\/div>\n                <\/div>\n              <\/div><div class=\"hanor-difference hanor-difference-69d9a3f940236 \">\n                <div class=\"difference-item toggle-align\">\n                  <div class=\"row\">\n                    <div class=\"col-md-6 hanor-item difference-prim\">\n                      <div class=\"hanor-background hanor-parallax\" style=\"background-image: url(https:\/\/werhere.nl\/tr\/wp-content\/uploads\/sites\/3\/2021\/09\/devn-V7T7_A0FIIY-unsplash-scaled.jpg);\"><\/div>\n                    <\/div>\n                    <div class=\"col-md-6 hanor-item difference-seco  content-left-align\">\n                      <div class=\"hanor-table-wrap\">\n                        <div class=\"hanor-align-wrap\">\n                          <div class=\"difference-info\">\n                          <h2 class=\"difference-title\">LinkedIN e\u011fitimi<\/h2><p>\u0130\u015f arayanlar\u0131 ve i\u015fverenleri bulu\u015fturan en \u00f6nemli sosyal medya uygulamalar\u0131ndan olan Linkedin\u2019i nas\u0131l etkili ve aktif kullan\u0131labiliri anlat\u0131yoruz.<\/p><\/div>\n                        <\/div>\n                      <\/div>\n                    <\/div>\n                  <\/div>\n                <\/div>\n              <\/div><div class=\"hanor-difference hanor-difference-69d9a3f94033a \">\n                <div class=\"difference-item\">\n                  <div class=\"row\">\n                    <div class=\"col-md-6 hanor-item difference-prim\">\n                      <div class=\"hanor-background hanor-parallax\" style=\"background-image: url(https:\/\/werhere.nl\/tr\/wp-content\/uploads\/sites\/3\/2021\/09\/science-in-hd-i4ABHj811N0-unsplash-scaled.jpg);\"><\/div>\n                    <\/div>\n                    <div class=\"col-md-6 hanor-item difference-seco  content-left-align\">\n                      <div class=\"hanor-table-wrap\">\n                        <div class=\"hanor-align-wrap\">\n                          <div class=\"difference-info\">\n                          <h2 class=\"difference-title\">CV haz\u0131rlama<\/h2><p>Bir CV ka\u00e7 saniye i\u00e7erisinde inceleniyor? Ortalama 10 saniyede incelendi\u011fi d\u00fc\u015f\u00fcn\u00fcl\u00fcrse bir CV dikkat \u00e7ekici olarak nas\u0131l haz\u0131rlanabilir ve kar\u015f\u0131daki ki\u015fiye en do\u011fru mesaj\u0131 nas\u0131l verebilir? \u00d6nemine binaen yap\u0131lan CV nas\u0131l haz\u0131rlan\u0131r e\u011fitimlerimiz yap\u0131lmaktad\u0131r.<\/p><\/div>\n                        <\/div>\n                      <\/div>\n                    <\/div>\n                  <\/div>\n                <\/div>\n              <\/div><div class=\"hanor-difference hanor-difference-69d9a3f94042c \">\n                <div class=\"difference-item toggle-align\">\n                  <div class=\"row\">\n                    <div class=\"col-md-6 hanor-item difference-prim\">\n                      <div class=\"hanor-background hanor-parallax\" style=\"background-image: url(https:\/\/werhere.nl\/tr\/wp-content\/uploads\/sites\/3\/2021\/09\/devn-V7T7_A0FIIY-unsplash-scaled.jpg);\"><\/div>\n                    <\/div>\n                    <div class=\"col-md-6 hanor-item difference-seco  content-left-align\">\n                      <div class=\"hanor-table-wrap\">\n                        <div class=\"hanor-align-wrap\">\n                          <div class=\"difference-info\">\n                          <h2 class=\"difference-title\">Motivasyon mektubu<\/h2><p>Hollanda\u2019da i\u015f ba\u015fvurular\u0131n\u0131n olmazsa olmaz\u0131 olan motivasyon mektubunun nas\u0131l haz\u0131rlanaca\u011f\u0131n\u0131 konu\u015fuyoruz.<\/p><\/div>\n                        <\/div>\n                      <\/div>\n                    <\/div>\n                  <\/div>\n                <\/div>\n              <\/div><div class=\"hanor-difference hanor-difference-69d9a3f940443 \">\n                <div class=\"difference-item\">\n                  <div class=\"row\">\n                    <div class=\"col-md-6 hanor-item difference-prim\">\n                      <div class=\"hanor-background hanor-parallax\" style=\"background-image: url(https:\/\/werhere.nl\/tr\/wp-content\/uploads\/sites\/3\/2021\/09\/science-in-hd-i4ABHj811N0-unsplash-scaled.jpg);\"><\/div>\n                    <\/div>\n                    <div class=\"col-md-6 hanor-item difference-seco  content-left-align\">\n                      <div class=\"hanor-table-wrap\">\n                        <div class=\"hanor-align-wrap\">\n                          <div class=\"difference-info\">\n                          <h2 class=\"difference-title\">\u0130\u015f ilanlar\u0131 nas\u0131l okunur?<\/h2><p>Werhere \u00fcyelerimizden i\u015fe y\u00f6nlendirme konusunda profil olu\u015fturulanlara y\u00f6nelik \u00f6zel olarak verilen bir e\u011fitimdir. Bu e\u011fitimde bir i\u015f ilan\u0131 nas\u0131l okunur, bize uygun olup olmad\u0131\u011f\u0131 nas\u0131l anla\u015f\u0131l\u0131r ya da bize uygun i\u015f ilanlar\u0131 nas\u0131l aran\u0131r sorular\u0131na cevap aranmaktad\u0131r.<\/p><\/div>\n                        <\/div>\n                      <\/div>\n                    <\/div>\n                  <\/div>\n                <\/div>\n              <\/div>[\/vc_column][\/vc_row][vc_row overlay_dotted=&#8221;&#8221; css=&#8221;.vc_custom_1635329528189{margin-bottom: 0px !important;padding-bottom: 0px !important;}&#8221;][vc_column width=&#8221;3\/4&#8243;][vc_column_text css=&#8221;.vc_custom_1635329522529{margin-bottom: 0px !important;padding-bottom: 0px !important;}&#8221;]<\/p>\n<h2>Verschillende trajecten die nu draaien<\/h2>\n<p>[\/vc_column_text][\/vc_column][vc_column width=&#8221;1\/4&#8243;][\/vc_column][\/vc_row][vc_row overlay_dotted=&#8221;&#8221; css=&#8221;.vc_custom_1635329561715{margin-top: 20px !important;margin-bottom: 60px !important;}&#8221;][vc_column width=&#8221;1\/3&#8243;][vc_single_image image=&#8221;4549&#8243; img_size=&#8221;500&#215;300&#8243; style=&#8221;vc_box_rounded&#8221; onclick=&#8221;custom_link&#8221; link=&#8221;\/wat-doet-werhere\/leerwerktrajecten\/de-nieuwe-docent\/&#8221;][vc_column_text css=&#8221;.vc_custom_1635330069730{margin-bottom: 0px !important;padding-bottom: 0px !important;}&#8221;]<\/p>\n<h2>De Nieuwe Docent<\/h2>\n<p>Het programma De Nieuwe Docent is er op gericht de vluchteling met onderwijsachtergrond niet louter te helpen, maar richting hun eigen \u2018potentie\u2019 te brengen en deze \u2018potentie\u2019 zichtbaar te maken voor anderen.[\/vc_column_text]<div class=\"hanor-btns-group  hanor-btn-69d9a3f940471 cpation-left \"><a href=\"\/wat-doet-werhere\/leerwerktrajecten\/de-nieuwe-docent\/\" class=\"hanor-btn\"><span class=\"hanor-btn-text\">Lees meer<\/span><\/a><\/div>[\/vc_column][vc_column width=&#8221;1\/3&#8243;][vc_single_image image=&#8221;4553&#8243; img_size=&#8221;500&#215;300&#8243; style=&#8221;vc_box_rounded&#8221; onclick=&#8221;custom_link&#8221; link=&#8221;\/wat-doet-werhere\/leerwerktrajecten\/de-hybride-entrepreneur\/&#8221;][vc_column_text css=&#8221;.vc_custom_1635330089179{margin-bottom: 0px !important;padding-bottom: 0px !important;}&#8221;]<\/p>\n<h2>De Hybride Entrepreneur<\/h2>\n<p>Het programma De Hybride Entrepreneur is er op gericht de vluchteling met ondernemers ambitie en met doceer kwaliteiten een stap in de richting te brengen en deze \u2018potentie\u2019 zichtbaar te maken voor anderen.[\/vc_column_text]<div class=\"hanor-btns-group  hanor-btn-69d9a3f94047b cpation-left \"><a href=\"\/wat-doet-werhere\/leerwerktrajecten\/de-hybride-entrepreneur\/\" class=\"hanor-btn\"><span class=\"hanor-btn-text\">Lees meer<\/span><\/a><\/div>[\/vc_column][vc_column width=&#8221;1\/3&#8243;][\/vc_column][\/vc_row]<\/p>\n","protected":false},"excerpt":{"rendered":"[vc_row full_width=&#8221;stretch_row_content&#8221; overlay_dotted=&#8221;&#8221; css=&#8221;.vc_custom_1635327128254{margin-top: 60px !important;margin-bottom: 60px !important;padding-right: 10% !important;padding-left: 10% !important;}&#8221;][vc_column][\/vc_column][\/vc_row][vc_row overlay_dotted=&#8221;&#8221; css=&#8221;.vc_custom_1635329528189{margin-bottom: 0px !important;padding-bottom: 0px !important;}&#8221;][vc_column width=&#8221;3\/4&#8243;][vc_column_text css=&#8221;.vc_custom_1635329522529{margin-bottom: 0px !important;padding-bottom: 0px !important;}&#8221;] Verschillende trajecten die nu draaien [\/vc_column_text][\/vc_column][vc_column width=&#8221;1\/4&#8243;][\/vc_column][\/vc_row][vc_row overlay_dotted=&#8221;&#8221; css=&#8221;.vc_custom_1635329561715{margin-top: 20px !important;margin-bottom: 60px !important;}&#8221;][vc_column width=&#8221;1\/3&#8243;][vc_single_image image=&#8221;4549&#8243; img_size=&#8221;500&#215;300&#8243; style=&#8221;vc_box_rounded&#8221; onclick=&#8221;custom_link&#8221; link=&#8221;\/wat-doet-werhere\/leerwerktrajecten\/de-nieuwe-docent\/&#8221;][vc_column_text css=&#8221;.vc_custom_1635330069730{margin-bottom: 0px !important;padding-bottom: 0px !important;}&#8221;] De Nieuwe Docent Het programma De Nieuwe&#8230;","protected":false},"author":1,"featured_media":0,"parent":4444,"menu_order":0,"comment_status":"closed","ping_status":"closed","template":"","meta":{"_seopress_robots_primary_cat":""},"_links":{"self":[{"href":"https:\/\/werhere.nl\/tr\/wp-json\/wp\/v2\/pages\/4457"}],"collection":[{"href":"https:\/\/werhere.nl\/tr\/wp-json\/wp\/v2\/pages"}],"about":[{"href":"https:\/\/werhere.nl\/tr\/wp-json\/wp\/v2\/types\/page"}],"author":[{"embeddable":true,"href":"https:\/\/werhere.nl\/tr\/wp-json\/wp\/v2\/users\/1"}],"replies":[{"embeddable":true,"href":"https:\/\/werhere.nl\/tr\/wp-json\/wp\/v2\/comments?post=4457"}],"version-history":[{"count":33,"href":"https:\/\/werhere.nl\/tr\/wp-json\/wp\/v2\/pages\/4457\/revisions"}],"predecessor-version":[{"id":4707,"href":"https:\/\/werhere.nl\/tr\/wp-json\/wp\/v2\/pages\/4457\/revisions\/4707"}],"up":[{"embeddable":true,"href":"https:\/\/werhere.nl\/tr\/wp-json\/wp\/v2\/pages\/4444"}],"wp:attachment":[{"href":"https:\/\/werhere.nl\/tr\/wp-json\/wp\/v2\/media?parent=4457"}],"curies":[{"name":"wp","href":"https:\/\/api.w.org\/{rel}","templated":true}]}}