{"id":4462,"date":"2021-08-25T13:57:43","date_gmt":"2021-08-25T13:57:43","guid":{"rendered":"https:\/\/werhere.nl\/tr\/?page_id=4462"},"modified":"2025-08-27T19:25:34","modified_gmt":"2025-08-27T19:25:34","slug":"hakkimizda","status":"publish","type":"page","link":"https:\/\/werhere.nl\/tr\/hakkimizda\/","title":{"rendered":"Hakk\u0131m\u0131zda"},"content":{"rendered":"<p>[vc_row][vc_column width=&#8221;2\/3&#8243;][vc_column_text]<em>We\u2019RHERE (We are High Educated Refugee Employee), 2019 y\u0131l\u0131nda kurulmu\u015f, Hollanda\u2019ya yeni gelen y\u00fcksek\u00f6\u011frenim mezunu m\u00fcltecilerin ve g\u00f6\u00e7menlerin kariyerlerini kendi potansiyellerinde s\u00fcrd\u00fcrebilmeleri i\u00e7in projeler geli\u015ftiren bir sosyal platformdur.<\/em><\/p>\n<p><em>Metodolojimiz <strong>kaderda\u015fl\u0131k<\/strong> ilkesine dayan\u0131r: e\u011fitim ve y\u00f6nlendirme yapan ko\u00e7lar ve hocalar, ayn\u0131 gruptan gelen ve benzer tecr\u00fcbeler ya\u015fam\u0131\u015f ki\u015filerden olu\u015fur. B\u00f6ylece, bir \u00f6nceki grup, kendisinden sonra gelen gruba destek verir. Bu vak\u0131fsal \u00e7al\u0131\u015fman\u0131n yan\u0131 s\u0131ra, profesyonel kurumlar ve uzman ki\u015filerle sinerji i\u00e7inde, kat\u0131l\u0131mc\u0131lar\u0131n kariyerlerini geli\u015ftirmeleri i\u00e7in \u00f6zg\u00fcn projeler y\u00fcr\u00fct\u00fcl\u00fcr. Bu sistem, <strong>NGO bazl\u0131, \u015firket ve e\u011fitim merkezi kombinasyonu<\/strong> olarak Hollanda\u2019da tek \u00f6rnektir.<\/em><\/p>\n<p><strong><em>Altijd-dsk<\/em><\/strong><em>, 1 Haziran 2022 itibar\u0131yla We\u2019RHERE label\u2019\u0131n\u0131n sahibi olarak \u015firket b\u00f6l\u00fcm\u00fcn\u00fc y\u00fcr\u00fct\u00fcrken; <strong>Stichting Pars Cipere Vakf\u0131<\/strong> vak\u0131fsal \u00e7al\u0131\u015fmalar\u0131m\u0131z\u0131 s\u00fcrd\u00fcrmektedir. <strong>APIS Academy<\/strong>, 1 Ocak 2025 itibar\u0131yla akredite e\u011fitim merkezi olarak We\u2019RHERE\u2019nin e\u011fitim ve sertifika s\u00fcre\u00e7lerini y\u00fcr\u00fctmektedir.<\/em>[\/vc_column_text][\/vc_column][vc_column width=&#8221;1\/3&#8243;][\/vc_column][\/vc_row][vc_row][vc_column][vc_single_image image=&#8221;6165&#8243; img_size=&#8221;full&#8221;][vc_single_image image=&#8221;6166&#8243; img_size=&#8221;full&#8221;][\/vc_column][\/vc_row][vc_row full_width=&#8221;stretch_row&#8221; content_placement=&#8221;middle&#8221; overlay_dotted=&#8221;&#8221; css=&#8221;.vc_custom_1635428978608{margin-bottom: 60px !important;padding-top: 40px !important;padding-bottom: 40px !important;background-color: #f9f9f9 !important;}&#8221;][vc_column width=&#8221;1\/4&#8243;][vc_single_image image=&#8221;4699&#8243; img_size=&#8221;163&#215;163&#8243; alignment=&#8221;right&#8221; style=&#8221;vc_box_rounded&#8221;][\/vc_column][vc_column width=&#8221;3\/4&#8243;][vc_column_text]<\/p>\n<h3>Han Rahimi (Werhere Direkt\u00f6r\u00fc)<\/h3>\n<p>Han Rahimi 1998 de 15 ya\u015f\u0131nda Hollanda\u2019ya m\u00fclteci olarak geldi. 2,5 sene kamp hayat\u0131ndan sonra Baexem isimli bir k\u00f6yde normal liseye devam etti. \u00dcniversiteye TU Delfte 2004 de ba\u015flad\u0131 ve bu d\u00f6nemde gen\u00e7lere y\u00f6nelik rehberlik faaliyetleri organize etti. Bu senelerde ailece kurduklar\u0131 firmada i\u015fletmeci olarak da \u00e7al\u0131\u015ft\u0131. 2010 senesinden 2016 senesine kadar 2 farkl\u0131 \u015fehirde kurs merkezi m\u00fcd\u00fcrl\u00fc\u011f\u00fc yapt\u0131. 2016 y\u0131l\u0131nda \u2018Kanttekening\u2019 gazetesinde m\u00fcd\u00fcr yard\u0131mc\u0131s\u0131 olarak \u00e7al\u0131\u015ft\u0131. 2018 y\u0131l\u0131nda kendi \u015firketini kurdu. \u015eu an \u2018Rahimi Consultant\u2019 firmasi olarak hem kendi sosyal projelerini yazmakta, hem de vak\u0131f ve \u015firketlere proje yaz\u0131m ve finans noktas\u0131nda dan\u0131\u015fmanl\u0131k yapmaktad\u0131r.[\/vc_column_text][\/vc_column][\/vc_row][vc_row][vc_column][vc_column_text]<a href=\"https:\/\/werhere.nl\/tr\/kurumumuz\/\"><em>Devam\u0131n\u0131 oku \u00a0\u2192\u00a0 KURUMUMUZ <\/em><\/a>[\/vc_column_text][\/vc_column][\/vc_row]<\/p>\n","protected":false},"excerpt":{"rendered":"[vc_row][vc_column width=&#8221;2\/3&#8243;][vc_column_text]We\u2019RHERE (We are High Educated Refugee Employee), 2019 y\u0131l\u0131nda kurulmu\u015f, Hollanda\u2019ya yeni gelen y\u00fcksek\u00f6\u011frenim mezunu m\u00fcltecilerin ve g\u00f6\u00e7menlerin kariyerlerini kendi potansiyellerinde s\u00fcrd\u00fcrebilmeleri i\u00e7in projeler geli\u015ftiren bir sosyal platformdur. Metodolojimiz kaderda\u015fl\u0131k ilkesine dayan\u0131r: e\u011fitim ve y\u00f6nlendirme yapan ko\u00e7lar ve hocalar, ayn\u0131 gruptan gelen ve benzer tecr\u00fcbeler ya\u015fam\u0131\u015f ki\u015filerden olu\u015fur. B\u00f6ylece, bir \u00f6nceki grup, kendisinden sonra&#8230;","protected":false},"author":1,"featured_media":0,"parent":0,"menu_order":0,"comment_status":"closed","ping_status":"closed","template":"","meta":{"_seopress_robots_primary_cat":""},"_links":{"self":[{"href":"https:\/\/werhere.nl\/tr\/wp-json\/wp\/v2\/pages\/4462"}],"collection":[{"href":"https:\/\/werhere.nl\/tr\/wp-json\/wp\/v2\/pages"}],"about":[{"href":"https:\/\/werhere.nl\/tr\/wp-json\/wp\/v2\/types\/page"}],"author":[{"embeddable":true,"href":"https:\/\/werhere.nl\/tr\/wp-json\/wp\/v2\/users\/1"}],"replies":[{"embeddable":true,"href":"https:\/\/werhere.nl\/tr\/wp-json\/wp\/v2\/comments?post=4462"}],"version-history":[{"count":25,"href":"https:\/\/werhere.nl\/tr\/wp-json\/wp\/v2\/pages\/4462\/revisions"}],"predecessor-version":[{"id":6164,"href":"https:\/\/werhere.nl\/tr\/wp-json\/wp\/v2\/pages\/4462\/revisions\/6164"}],"wp:attachment":[{"href":"https:\/\/werhere.nl\/tr\/wp-json\/wp\/v2\/media?parent=4462"}],"curies":[{"name":"wp","href":"https:\/\/api.w.org\/{rel}","templated":true}]}}