{"id":4831,"date":"2021-12-20T14:44:01","date_gmt":"2021-12-20T14:44:01","guid":{"rendered":"https:\/\/werhere.nl\/tr\/?page_id=4831"},"modified":"2021-12-22T09:25:08","modified_gmt":"2021-12-22T09:25:08","slug":"uye-formu","status":"publish","type":"page","link":"https:\/\/werhere.nl\/tr\/uye-formu\/","title":{"rendered":"\u00dcye formu"},"content":{"rendered":"<p>[vc_row][vc_column width=&#8221;2\/3&#8243;][vc_column_text]Websitemiz ile birlikte \u00fcye kay\u0131t k\u0131sm\u0131m\u0131zda yenilenmi\u015ftir. \u00dcye portal\u0131m\u0131z sadece profil olu\u015fturmaya y\u00f6nelik olmay\u0131p kendinizi tan\u0131ma ve ki\u015fisel geli\u015fiminize y\u00f6nelik testlerin yap\u0131labildi\u011fi, bu test sonu\u00e7lar\u0131n\u0131n raporlanabildi\u011fi ve profilinizle e\u015fle\u015fen i\u015f ilanlar\u0131n\u0131n g\u00fcncel olarak filtre edilebildi\u011fi bir uygulamad\u0131r. Ayr\u0131ca \u00fcyelerimize y\u00f6nelik s\u0131n\u0131fland\u0131r\u0131lm\u0131\u015f videolu e\u011fitimlerde mevcuttur. \u00dcyelik kayd\u0131 mail daveti ile yap\u0131labilmektedir. Bu nedenle \u00fcye olmak istiyorsan\u0131z ekteki formu doldurarak talebinizi iletiniz.<\/p>\n<p>*l\u00fctfen ge\u00e7erli bir mail adresi giriniz![\/vc_column_text]<div class=\"wpcf7 no-js\" id=\"wpcf7-f4645-o1\" lang=\"en-US\" dir=\"ltr\">\n<div class=\"screen-reader-response\"><p role=\"status\" aria-live=\"polite\" aria-atomic=\"true\"><\/p> <ul><\/ul><\/div>\n<form action=\"\/tr\/wp-json\/wp\/v2\/pages\/4831#wpcf7-f4645-o1\" method=\"post\" class=\"wpcf7-form init\" aria-label=\"Contact form\" novalidate=\"novalidate\" data-status=\"init\">\n<div style=\"display: none;\">\n<input type=\"hidden\" name=\"_wpcf7\" value=\"4645\" \/>\n<input type=\"hidden\" name=\"_wpcf7_version\" value=\"5.7\" \/>\n<input type=\"hidden\" name=\"_wpcf7_locale\" value=\"en_US\" \/>\n<input type=\"hidden\" name=\"_wpcf7_unit_tag\" value=\"wpcf7-f4645-o1\" \/>\n<input type=\"hidden\" name=\"_wpcf7_container_post\" value=\"0\" \/>\n<input type=\"hidden\" name=\"_wpcf7_posted_data_hash\" value=\"\" \/>\n<input type=\"hidden\" name=\"_wpcf7cf_hidden_group_fields\" value=\"[]\" \/>\n<input type=\"hidden\" name=\"_wpcf7cf_hidden_groups\" value=\"[]\" \/>\n<input type=\"hidden\" name=\"_wpcf7cf_visible_groups\" value=\"[]\" \/>\n<input type=\"hidden\" name=\"_wpcf7cf_repeaters\" value=\"[]\" \/>\n<input type=\"hidden\" name=\"_wpcf7cf_steps\" value=\"{}\" \/>\n<input type=\"hidden\" name=\"_wpcf7cf_options\" value=\"{&quot;form_id&quot;:4645,&quot;conditions&quot;:[],&quot;settings&quot;:{&quot;animation&quot;:&quot;yes&quot;,&quot;animation_intime&quot;:200,&quot;animation_outtime&quot;:200,&quot;conditions_ui&quot;:&quot;normal&quot;,&quot;notice_dismissed&quot;:false}}\" \/>\n<\/div>\n<div class=\"row\">\n\t<p><br \/>\n\t<\/p>\n\t<div class=\"col-sm-12\">\n\t\t<p><span class=\"wpcf7-form-control-wrap\" data-name=\"uyeveyadegisiklik\"><span class=\"wpcf7-form-control wpcf7-radio\"><span class=\"wpcf7-list-item first\"><label><input type=\"radio\" name=\"uyeveyadegisiklik\" value=\"\u00dcye olmak istiyorum\" checked=\"checked\" tabindex=\"\" \/><span class=\"wpcf7-list-item-label\">\u00dcye olmak istiyorum<\/span><\/label><\/span><span class=\"wpcf7-list-item last\"><label><input type=\"radio\" name=\"uyeveyadegisiklik\" value=\"Bilgilerimi g\u00fcncellemek istiyorum\" tabindex=\"\" \/><span class=\"wpcf7-list-item-label\">Bilgilerimi g\u00fcncellemek istiyorum<\/span><\/label><\/span><\/span><\/span>\n\t\t<\/p>\n\t<\/div>\n\t<p><br \/>\n\t<\/p>\n\t<div class=\"col-sm-12\">\n\t\t<p><span class=\"wpcf7-form-control-wrap\" data-name=\"isim\"><input size=\"40\" class=\"wpcf7-form-control wpcf7-text wpcf7-validates-as-required\" aria-required=\"true\" aria-invalid=\"false\" placeholder=\"\u0130sim*\" value=\"\" type=\"text\" name=\"isim\" \/><\/span>\n\t\t<\/p>\n\t<\/div>\n\t<p><br \/>\n\t<\/p>\n\t<div class=\"col-sm-6\">\n\t\t<p><span class=\"wpcf7-form-control-wrap\" data-name=\"email\"><input size=\"40\" class=\"wpcf7-form-control wpcf7-text wpcf7-email wpcf7-validates-as-required wpcf7-validates-as-email\" aria-required=\"true\" aria-invalid=\"false\" placeholder=\"E-mail*\" value=\"\" type=\"email\" name=\"email\" \/><\/span>\n\t\t<\/p>\n\t<\/div>\n\t<p><br \/>\n\t<\/p>\n\t<div class=\"col-sm-6\">\n\t\t<p><span class=\"wpcf7-form-control-wrap\" data-name=\"telefon\"><input size=\"40\" class=\"wpcf7-form-control wpcf7-text wpcf7-tel wpcf7-validates-as-required wpcf7-validates-as-tel\" aria-required=\"true\" aria-invalid=\"false\" placeholder=\"Telefoonnummer*\" value=\"\" type=\"tel\" name=\"telefon\" \/><\/span>\n\t\t<\/p>\n\t<\/div>\n\t<p><br \/>\n\t<\/p>\n\t<div class=\"col-sm-12\">\n\t\t<p><span class=\"wpcf7-form-control-wrap\" data-name=\"posta-kodu\"><input size=\"40\" class=\"wpcf7-form-control wpcf7-text wpcf7-validates-as-required\" aria-required=\"true\" aria-invalid=\"false\" placeholder=\"Posta kodu*\" value=\"\" type=\"text\" name=\"posta-kodu\" \/><\/span>\n\t\t<\/p>\n\t<\/div>\n\t<p><br \/>\n\t<\/p>\n\t<div class=\"col-sm-12\">\n\t\t<p><span class=\"wpcf7-form-control-wrap\" data-name=\"sorunuz\"><textarea cols=\"40\" rows=\"10\" class=\"wpcf7-form-control wpcf7-textarea\" aria-invalid=\"false\" placeholder=\"Sorunuz\" name=\"sorunuz\"><\/textarea><\/span>\n\t\t<\/p>\n\t<\/div>\n\t<p><br \/>\n\t<\/p>\n\t<div class=\"col-sm-12\">\n\t\t<p><input class=\"wpcf7-form-control has-spinner wpcf7-submit\" type=\"submit\" value=\"G\u00f6nder\" \/>\n\t\t<\/p>\n\t<\/div>\n\t<p><br \/>\n\t<\/p>\n<\/div><div class=\"wpcf7-response-output\" aria-hidden=\"true\"><\/div><\/form><\/div>[vc_empty_space height=&#8221;50px&#8221;][\/vc_column][vc_column width=&#8221;1\/3&#8243;][\/vc_column][\/vc_row]<\/p>\n","protected":false},"excerpt":{"rendered":"[vc_row][vc_column width=&#8221;2\/3&#8243;][vc_column_text]Websitemiz ile birlikte \u00fcye kay\u0131t k\u0131sm\u0131m\u0131zda yenilenmi\u015ftir. \u00dcye portal\u0131m\u0131z sadece profil olu\u015fturmaya y\u00f6nelik olmay\u0131p kendinizi tan\u0131ma ve ki\u015fisel geli\u015fiminize y\u00f6nelik testlerin yap\u0131labildi\u011fi, bu test sonu\u00e7lar\u0131n\u0131n raporlanabildi\u011fi ve profilinizle e\u015fle\u015fen i\u015f ilanlar\u0131n\u0131n g\u00fcncel olarak filtre edilebildi\u011fi bir uygulamad\u0131r. Ayr\u0131ca \u00fcyelerimize y\u00f6nelik s\u0131n\u0131fland\u0131r\u0131lm\u0131\u015f videolu e\u011fitimlerde mevcuttur. \u00dcyelik kayd\u0131 mail daveti ile yap\u0131labilmektedir. Bu nedenle \u00fcye olmak&#8230;","protected":false},"author":1,"featured_media":0,"parent":0,"menu_order":0,"comment_status":"closed","ping_status":"closed","template":"","meta":{"_seopress_robots_primary_cat":""},"_links":{"self":[{"href":"https:\/\/werhere.nl\/tr\/wp-json\/wp\/v2\/pages\/4831"}],"collection":[{"href":"https:\/\/werhere.nl\/tr\/wp-json\/wp\/v2\/pages"}],"about":[{"href":"https:\/\/werhere.nl\/tr\/wp-json\/wp\/v2\/types\/page"}],"author":[{"embeddable":true,"href":"https:\/\/werhere.nl\/tr\/wp-json\/wp\/v2\/users\/1"}],"replies":[{"embeddable":true,"href":"https:\/\/werhere.nl\/tr\/wp-json\/wp\/v2\/comments?post=4831"}],"version-history":[{"count":11,"href":"https:\/\/werhere.nl\/tr\/wp-json\/wp\/v2\/pages\/4831\/revisions"}],"predecessor-version":[{"id":4846,"href":"https:\/\/werhere.nl\/tr\/wp-json\/wp\/v2\/pages\/4831\/revisions\/4846"}],"wp:attachment":[{"href":"https:\/\/werhere.nl\/tr\/wp-json\/wp\/v2\/media?parent=4831"}],"curies":[{"name":"wp","href":"https:\/\/api.w.org\/{rel}","templated":true}]}}