{"id":4841,"date":"2021-12-21T19:56:56","date_gmt":"2021-12-21T19:56:56","guid":{"rendered":"https:\/\/werhere.nl\/tr\/?page_id=4841"},"modified":"2021-12-22T09:25:37","modified_gmt":"2021-12-22T09:25:37","slug":"gonullu-ilani","status":"publish","type":"page","link":"https:\/\/werhere.nl\/tr\/gonullu-ilani\/","title":{"rendered":"G\u00f6n\u00fcll\u00fc ilan\u0131"},"content":{"rendered":"<p>[vc_row][vc_column width=&#8221;2\/3&#8243;][vc_column_text]De\u011ferli \u00dcyelerimiz; \u00a0\u00a0We\u2019RHere\u00a0\u00a0ailesi olarak\u00a0\u00a0desteklerinizle birlikte\u00a0\u00a0her ge\u00e7en g\u00fcn b\u00fcy\u00fcmekteyiz. Hollanda\u2019ya yeni gelen siz kaderda\u015flar\u0131m\u0131za\u00a0\u00a0yard\u0131m\u00a0\u00a0edebilmek i\u00e7in\u00a0\u00a0\u00a0g\u00f6n\u00fcll\u00fc olarak\u00a0\u00a0katk\u0131da bulunmaya \u00e7al\u0131\u015ft\u0131\u011f\u0131m\u0131z bu sosyal giri\u015fimcilik projesinde yeni g\u00f6n\u00fcll\u00fcler aramaktay\u0131z. Sizleri de\u00a0\u00a0aram\u0131zda g\u00f6rmekten mutluluk duyar\u0131z.<\/p>\n<p>G\u00f6n\u00fcll\u00fc olmak isterseniz l\u00fctfen formu doldurunuz.[\/vc_column_text]<div class=\"wpcf7 no-js\" id=\"wpcf7-f4834-o1\" lang=\"en-US\" dir=\"ltr\">\n<div class=\"screen-reader-response\"><p role=\"status\" aria-live=\"polite\" aria-atomic=\"true\"><\/p> <ul><\/ul><\/div>\n<form action=\"\/tr\/wp-json\/wp\/v2\/pages\/4841#wpcf7-f4834-o1\" method=\"post\" class=\"wpcf7-form init\" aria-label=\"Contact form\" novalidate=\"novalidate\" data-status=\"init\">\n<div style=\"display: none;\">\n<input type=\"hidden\" name=\"_wpcf7\" value=\"4834\" \/>\n<input type=\"hidden\" name=\"_wpcf7_version\" value=\"5.7\" \/>\n<input type=\"hidden\" name=\"_wpcf7_locale\" value=\"en_US\" \/>\n<input type=\"hidden\" name=\"_wpcf7_unit_tag\" value=\"wpcf7-f4834-o1\" \/>\n<input type=\"hidden\" name=\"_wpcf7_container_post\" value=\"0\" \/>\n<input type=\"hidden\" name=\"_wpcf7_posted_data_hash\" value=\"\" \/>\n<input type=\"hidden\" name=\"_wpcf7cf_hidden_group_fields\" value=\"[]\" \/>\n<input type=\"hidden\" name=\"_wpcf7cf_hidden_groups\" value=\"[]\" \/>\n<input type=\"hidden\" name=\"_wpcf7cf_visible_groups\" value=\"[]\" \/>\n<input type=\"hidden\" name=\"_wpcf7cf_repeaters\" value=\"[]\" \/>\n<input type=\"hidden\" name=\"_wpcf7cf_steps\" value=\"{}\" \/>\n<input type=\"hidden\" name=\"_wpcf7cf_options\" value=\"{&quot;form_id&quot;:4834,&quot;conditions&quot;:[],&quot;settings&quot;:{&quot;animation&quot;:&quot;yes&quot;,&quot;animation_intime&quot;:200,&quot;animation_outtime&quot;:200,&quot;conditions_ui&quot;:&quot;normal&quot;,&quot;notice_dismissed&quot;:false}}\" \/>\n<\/div>\n<div class=\"row\">\n\t<p><br \/>\n\t<\/p>\n\t<div class=\"col-sm-12\">\n\t\t<p><span class=\"wpcf7-form-control-wrap\" data-name=\"isim\"><input size=\"40\" class=\"wpcf7-form-control wpcf7-text wpcf7-validates-as-required\" aria-required=\"true\" aria-invalid=\"false\" placeholder=\"\u0130sim*\" value=\"\" type=\"text\" name=\"isim\" \/><\/span>\n\t\t<\/p>\n\t<\/div>\n\t<p><br \/>\n\t<\/p>\n\t<div class=\"col-sm-6\">\n\t\t<p><span class=\"wpcf7-form-control-wrap\" data-name=\"email\"><input size=\"40\" class=\"wpcf7-form-control wpcf7-text wpcf7-email wpcf7-validates-as-required wpcf7-validates-as-email\" aria-required=\"true\" aria-invalid=\"false\" placeholder=\"E-mail*\" value=\"\" type=\"email\" name=\"email\" \/><\/span>\n\t\t<\/p>\n\t<\/div>\n\t<p><br \/>\n\t<\/p>\n\t<div class=\"col-sm-6\">\n\t\t<p><span class=\"wpcf7-form-control-wrap\" data-name=\"telefon\"><input size=\"40\" class=\"wpcf7-form-control wpcf7-text wpcf7-tel wpcf7-validates-as-required wpcf7-validates-as-tel\" aria-required=\"true\" aria-invalid=\"false\" placeholder=\"Telefoonnummer*\" value=\"\" type=\"tel\" name=\"telefon\" \/><\/span>\n\t\t<\/p>\n\t<\/div>\n\t<p><br \/>\n\t<\/p>\n\t<div class=\"col-sm-12\">\n\t\t<p><span class=\"wpcf7-form-control-wrap\" data-name=\"brans\"><input size=\"40\" class=\"wpcf7-form-control wpcf7-text wpcf7-validates-as-required\" aria-required=\"true\" aria-invalid=\"false\" placeholder=\"Bran\u015f\u0131n\u0131z\" value=\"\" type=\"text\" name=\"brans\" \/><\/span>\n\t\t<\/p>\n\t<\/div>\n\t<p><br \/>\n\t<\/p>\n\t<div class=\"col-sm-12\">\n\t\t<p><label>E\u011fitim durumunuz<\/label><span class=\"wpcf7-form-control-wrap\" data-name=\"egitimdurumunuz\"><select class=\"wpcf7-form-control wpcf7-select\" aria-invalid=\"false\" name=\"egitimdurumunuz\"><option value=\"\">&#8212;Please choose an option&#8212;<\/option><option value=\"Doktora\">Doktora<\/option><option value=\"Master\">Master<\/option><option value=\"\u00dcniversite\">\u00dcniversite<\/option><option value=\"Y\u00fcksekokul\">Y\u00fcksekokul<\/option><\/select><\/span>\n\t\t<\/p>\n\t<\/div>\n\t<p><br \/>\n\t<\/p>\n\t<div class=\"col-sm-12\">\n\t\t<p><label>Hollandaca dil seviyeniz<\/label><span class=\"wpcf7-form-control-wrap\" data-name=\"hollandacadilseviyeniz\"><select class=\"wpcf7-form-control wpcf7-select\" aria-invalid=\"false\" name=\"hollandacadilseviyeniz\"><option value=\"\">&#8212;Please choose an option&#8212;<\/option><option value=\"A1-A2\">A1-A2<\/option><option value=\"A2-B1\">A2-B1<\/option><option value=\"B1-B2\">B1-B2<\/option><option value=\"B2+\">B2+<\/option><\/select><\/span>\n\t\t<\/p>\n\t<\/div>\n\t<p><br \/>\n\t<\/p>\n\t<div class=\"col-sm-12\">\n\t\t<p><label>\u0130ngilizce dil seviyeniz<\/label><br \/>\n<span class=\"wpcf7-form-control-wrap\" data-name=\"ingilizcedilseviyeniz\"><select class=\"wpcf7-form-control wpcf7-select\" aria-invalid=\"false\" name=\"ingilizcedilseviyeniz\"><option value=\"\">&#8212;Please choose an option&#8212;<\/option><option value=\"A1-A2\">A1-A2<\/option><option value=\"A2-B1\">A2-B1<\/option><option value=\"B1-B2\">B1-B2<\/option><option value=\"B2+\">B2+<\/option><\/select><\/span>\n\t\t<\/p>\n\t<\/div>\n\t<div class=\"col-sm-12\">\n\t\t<p><label>Hangi alanda g\u00f6n\u00fcll\u00fc \u00e7al\u0131\u015fmak istersiniz?<\/label> <span class=\"wpcf7-form-control-wrap\" data-name=\"hangialan\"><select class=\"wpcf7-form-control wpcf7-select\" aria-invalid=\"false\" name=\"hangialan\"><option value=\"\">&#8212;Please choose an option&#8212;<\/option><option value=\"E\u011fitim Projeleri\">E\u011fitim Projeleri<\/option><option value=\"Teknik alandaki Projeler\">Teknik alandaki Projeler<\/option><option value=\"Web site ve teknik altyap\u0131s\u0131\">Web site ve teknik altyap\u0131s\u0131<\/option><option value=\"Sosyal Medya (video edit, reklam vb)\">Sosyal Medya (video edit, reklam vb)<\/option><option value=\"Tekst Yazarl\u0131\u011f\u0131\">Tekst Yazarl\u0131\u011f\u0131<\/option><option value=\"Kariyer planlama, i\u015f ko\u00e7lu\u011fu vb\">Kariyer planlama, i\u015f ko\u00e7lu\u011fu vb<\/option><option value=\"Di\u011fer\">Di\u011fer<\/option><\/select><\/span>\n\t\t<\/p>\n\t<\/div>\n\t<p><br \/>\n\t<\/p>\n\t<div class=\"col-sm-12\">\n\t\t<p><span class=\"wpcf7-form-control-wrap\" data-name=\"teklifler\"><textarea cols=\"40\" rows=\"10\" class=\"wpcf7-form-control wpcf7-textarea\" aria-invalid=\"false\" placeholder=\"Teklifler, d\u00fc\u015f\u00fcnceler\" name=\"teklifler\"><\/textarea><\/span>\n\t\t<\/p>\n\t<\/div>\n\t<p><br \/>\n\t<\/p>\n\t<div class=\"col-sm-12\">\n\t\t<p><input class=\"wpcf7-form-control has-spinner wpcf7-submit\" type=\"submit\" value=\"G\u00f6nder\" \/>\n\t\t<\/p>\n\t<\/div>\n\t<p><br \/>\n\t<\/p>\n<\/div><div class=\"wpcf7-response-output\" aria-hidden=\"true\"><\/div><\/form><\/div>[vc_empty_space height=&#8221;50px&#8221;][\/vc_column][vc_column width=&#8221;1\/3&#8243;][\/vc_column][\/vc_row]<\/p>\n","protected":false},"excerpt":{"rendered":"[vc_row][vc_column width=&#8221;2\/3&#8243;][vc_column_text]De\u011ferli \u00dcyelerimiz; \u00a0\u00a0We\u2019RHere\u00a0\u00a0ailesi olarak\u00a0\u00a0desteklerinizle birlikte\u00a0\u00a0her ge\u00e7en g\u00fcn b\u00fcy\u00fcmekteyiz. Hollanda\u2019ya yeni gelen siz kaderda\u015flar\u0131m\u0131za\u00a0\u00a0yard\u0131m\u00a0\u00a0edebilmek i\u00e7in\u00a0\u00a0\u00a0g\u00f6n\u00fcll\u00fc olarak\u00a0\u00a0katk\u0131da bulunmaya \u00e7al\u0131\u015ft\u0131\u011f\u0131m\u0131z bu sosyal giri\u015fimcilik projesinde yeni g\u00f6n\u00fcll\u00fcler aramaktay\u0131z. Sizleri de\u00a0\u00a0aram\u0131zda g\u00f6rmekten mutluluk duyar\u0131z. G\u00f6n\u00fcll\u00fc olmak isterseniz l\u00fctfen formu doldurunuz.[\/vc_column_text][vc_empty_space height=&#8221;50px&#8221;][\/vc_column][vc_column width=&#8221;1\/3&#8243;][\/vc_column][\/vc_row]","protected":false},"author":1,"featured_media":0,"parent":0,"menu_order":0,"comment_status":"closed","ping_status":"closed","template":"","meta":{"_seopress_robots_primary_cat":""},"_links":{"self":[{"href":"https:\/\/werhere.nl\/tr\/wp-json\/wp\/v2\/pages\/4841"}],"collection":[{"href":"https:\/\/werhere.nl\/tr\/wp-json\/wp\/v2\/pages"}],"about":[{"href":"https:\/\/werhere.nl\/tr\/wp-json\/wp\/v2\/types\/page"}],"author":[{"embeddable":true,"href":"https:\/\/werhere.nl\/tr\/wp-json\/wp\/v2\/users\/1"}],"replies":[{"embeddable":true,"href":"https:\/\/werhere.nl\/tr\/wp-json\/wp\/v2\/comments?post=4841"}],"version-history":[{"count":2,"href":"https:\/\/werhere.nl\/tr\/wp-json\/wp\/v2\/pages\/4841\/revisions"}],"predecessor-version":[{"id":4847,"href":"https:\/\/werhere.nl\/tr\/wp-json\/wp\/v2\/pages\/4841\/revisions\/4847"}],"wp:attachment":[{"href":"https:\/\/werhere.nl\/tr\/wp-json\/wp\/v2\/media?parent=4841"}],"curies":[{"name":"wp","href":"https:\/\/api.w.org\/{rel}","templated":true}]}}