{"id":4853,"date":"2021-12-22T09:41:01","date_gmt":"2021-12-22T09:41:01","guid":{"rendered":"https:\/\/werhere.nl\/tr\/?page_id=4853"},"modified":"2024-04-01T22:50:33","modified_gmt":"2024-04-01T22:50:33","slug":"uye-giris","status":"publish","type":"page","link":"https:\/\/werhere.nl\/tr\/uye-giris\/","title":{"rendered":"\u00dcye giri\u015f"},"content":{"rendered":"<p>[vc_row gap=&#8221;30&#8243; equal_height=&#8221;yes&#8221; overlay_dotted=&#8221;&#8221; css=&#8221;.vc_custom_1640170922125{margin-bottom: 50px !important;padding-right: 16px !important;padding-left: 16px !important;}&#8221;][vc_column css=&#8221;.vc_custom_1640170641979{border-top-width: 1px !important;border-right-width: 1px !important;border-bottom-width: 1px !important;border-left-width: 1px !important;padding-top: 30px !important;padding-right: 30px !important;padding-bottom: 40px !important;padding-left: 30px !important;border-left-color: #dddddd !important;border-left-style: solid !important;border-right-color: #dddddd !important;border-right-style: solid !important;border-top-color: #dddddd !important;border-top-style: solid !important;border-bottom-color: #dddddd !important;border-bottom-style: solid !important;}&#8221;][vc_column_text css=&#8221;.vc_custom_1640170546634{margin-bottom: 0px !important;padding-bottom: 0px !important;}&#8221;]<\/p>\n<h3>\u00dcye olmak veya bilgilerimi g\u00fcncellemek istiyorum<\/h3>\n<p>Websitemiz ile birlikte \u00fcye kay\u0131t k\u0131sm\u0131m\u0131zda yenilenmi\u015ftir. \u00dcye portal\u0131m\u0131z sadece profil olu\u015fturmaya y\u00f6nelik olmay\u0131p kendinizi tan\u0131ma ve ki\u015fisel geli\u015fiminize y\u00f6nelik testlerin yap\u0131labildi\u011fi, bu test sonu\u00e7lar\u0131n\u0131n raporlanabildi\u011fi ve profilinizle e\u015fle\u015fen i\u015f ilanlar\u0131n\u0131n g\u00fcncel olarak filtre edilebildi\u011fi bir uygulamad\u0131r. Ayr\u0131ca \u00fcyelerimize y\u00f6nelik s\u0131n\u0131fland\u0131r\u0131lm\u0131\u015f videolu e\u011fitimlerde mevcuttur. \u00dcyelik kayd\u0131 mail daveti ile yap\u0131labilmektedir. Bu nedenle \u00fcye olmak istiyorsan\u0131z formu doldurarak talebinizi iletiniz.[\/vc_column_text]<div class=\"hanor-btns-group  vc_custom_1640170977630 hanor-btn-69d98a2d2f008 cpation-left \"><a href=\"https:\/\/werhere.nl\/tr\/uye-formu\/\" class=\"hanor-btn\"><span class=\"hanor-btn-text\">\u00dcye formu<\/span><\/a><\/div>[\/vc_column][\/vc_row]<\/p>\n","protected":false},"excerpt":{"rendered":"[vc_row gap=&#8221;30&#8243; equal_height=&#8221;yes&#8221; overlay_dotted=&#8221;&#8221; css=&#8221;.vc_custom_1640170922125{margin-bottom: 50px !important;padding-right: 16px !important;padding-left: 16px !important;}&#8221;][vc_column css=&#8221;.vc_custom_1640170641979{border-top-width: 1px !important;border-right-width: 1px !important;border-bottom-width: 1px !important;border-left-width: 1px !important;padding-top: 30px !important;padding-right: 30px !important;padding-bottom: 40px !important;padding-left: 30px !important;border-left-color: #dddddd !important;border-left-style: solid !important;border-right-color: #dddddd !important;border-right-style: solid !important;border-top-color: #dddddd !important;border-top-style: solid !important;border-bottom-color: #dddddd !important;border-bottom-style: solid !important;}&#8221;][vc_column_text css=&#8221;.vc_custom_1640170546634{margin-bottom: 0px !important;padding-bottom: 0px !important;}&#8221;] \u00dcye olmak veya bilgilerimi g\u00fcncellemek istiyorum&#8230;","protected":false},"author":1,"featured_media":0,"parent":0,"menu_order":0,"comment_status":"closed","ping_status":"closed","template":"","meta":{"_seopress_robots_primary_cat":""},"_links":{"self":[{"href":"https:\/\/werhere.nl\/tr\/wp-json\/wp\/v2\/pages\/4853"}],"collection":[{"href":"https:\/\/werhere.nl\/tr\/wp-json\/wp\/v2\/pages"}],"about":[{"href":"https:\/\/werhere.nl\/tr\/wp-json\/wp\/v2\/types\/page"}],"author":[{"embeddable":true,"href":"https:\/\/werhere.nl\/tr\/wp-json\/wp\/v2\/users\/1"}],"replies":[{"embeddable":true,"href":"https:\/\/werhere.nl\/tr\/wp-json\/wp\/v2\/comments?post=4853"}],"version-history":[{"count":24,"href":"https:\/\/werhere.nl\/tr\/wp-json\/wp\/v2\/pages\/4853\/revisions"}],"predecessor-version":[{"id":5677,"href":"https:\/\/werhere.nl\/tr\/wp-json\/wp\/v2\/pages\/4853\/revisions\/5677"}],"wp:attachment":[{"href":"https:\/\/werhere.nl\/tr\/wp-json\/wp\/v2\/media?parent=4853"}],"curies":[{"name":"wp","href":"https:\/\/api.w.org\/{rel}","templated":true}]}}