{"id":5569,"date":"2023-10-02T16:15:03","date_gmt":"2023-10-02T16:15:03","guid":{"rendered":"https:\/\/werhere.nl\/tr\/?page_id=5569"},"modified":"2025-08-30T19:13:38","modified_gmt":"2025-08-30T19:13:38","slug":"vit-projesi","status":"publish","type":"page","link":"https:\/\/werhere.nl\/tr\/vit-projesi\/","title":{"rendered":"VIT (Voorbereiding IT) Projesi"},"content":{"rendered":"<p>[vc_row][vc_column][vc_column_text]Hedefimiz \u00e7ok geni\u015f olan IT sekt\u00f6r\u00fcnde kariyer yapmak isteyen m\u00fcltecilere temel bir IT e\u011fitimi verdikten sonra, sekt\u00f6rde kendilerine en uygun alan\u0131 se\u00e7ip, o alanda i\u015f garantili traineshiplere (staj vb programlara) dahil olmalar\u0131n\u0131 sa\u011flamakt\u0131r. Bu proje ile ana dilde IT haz\u0131rl\u0131k e\u011fitimi, \u0130ngilizce e\u011fitimi ve sonunda ger\u00e7ek i\u015f dilinde tranieeship ile kabiliyet ve yeteneklerini en do\u011fru \u015fekilde kullanmalar\u0131n\u0131 sa\u011flayarak onlar\u0131 i\u015fe yerle\u015fene kadar ihtiya\u00e7 duyduklar\u0131 deste\u011fin verilmesi ama\u00e7lanmaktad\u0131r.<\/p>\n<p><strong>Kimler Ba\u015fvurabilir:<\/strong><br \/>\n&#8211; M\u00fclteci ge\u00e7mi\u015fi olmak<br \/>\n<strong><em>Ayr\u0131ca<\/em><\/strong><br \/>\n&#8211; Kampta kalan, oturum almam\u0131\u015f adaylar,<br \/>\n&#8211; Aile birle\u015fimi ile gelmi\u015f aile bireyleri,<br \/>\n&#8211; Uitkering almayan ki\u015filerin aile bireyleri de ba\u015fvuru yapabilirler.<\/p>\n<h3>Proje A\u015famalar\u0131:<\/h3>\n<p>1- Ba\u015fvurular\u0131n al\u0131nmas\u0131<\/p>\n<p>2- Gerekli \u015fartlar\u0131 sa\u011flayan adaylara proje \u00f6devi g\u00f6nderilmesi<\/p>\n<p>3- Teknik M\u00fclakat<\/p>\n<p>4- Ba\u015far\u0131l\u0131 olan adaylar i\u00e7in belediye veya COA dan onay al\u0131nmas\u0131<\/p>\n<p>5- Kesin Kay\u0131t olan adaylar\u0131n destek rotas\u0131n\u0131n belirlenmesi<\/p>\n<p>Desteklerimiz:<\/p>\n<ul>\n<li>IT haz\u0131rl\u0131k kursu\n<ul>\n<li>Python programlama e\u011fitimi<\/li>\n<li>Database e\u011fitimi<\/li>\n<li>Temel Network \u2013 Cloud e\u011fitimi<\/li>\n<\/ul>\n<\/li>\n<li>\u0130ngilizce kursu<\/li>\n<li>Hollandaca kursu<\/li>\n<li>Data Engineer e\u011fitimi<\/li>\n<li>Power BI Data Analist e\u011fitimi (PL 300)<\/li>\n<li>Di\u011fer traineeshiplere y\u00f6nlendirme<\/li>\n<li>Job Club sistemi ile i\u015f ko\u00e7lu\u011fu<\/li>\n<\/ul>\n<p>Adaylar\u0131n durumlar\u0131na g\u00f6re bu desteklerin hepsine veya bir k\u0131sm\u0131na kat\u0131lmas\u0131 sa\u011flanarak mod\u00fcler ve esnek bir yap\u0131 olu\u015fturulmu\u015ftur. \u00d6rne\u011fin daha \u00f6nce herhangi bir IT e\u011fitimi alm\u0131\u015f kat\u0131l\u0131mc\u0131lara \u0130ngilizce kursu ve devam\u0131ndaki desteklerin verilmesi gibi.<\/p>\n<h3>IT Haz\u0131rl\u0131k Kursu (Python-Database-Cloud)<\/h3>\n<p>IT haz\u0131rl\u0131k kursumuz 13 hafta s\u00fcrmektedir. \u015eu an itibari ile dersler hybrid olarak cumartesi g\u00fcnleri Amsterdam da fiziki , hafta aras\u0131 online olarak verilmektedir. Burdaki amac\u0131m\u0131z haftan\u0131n \u00e7o\u011fu g\u00fcn\u00fc evinde ki\u015fisel e\u011fitimine devam eden kat\u0131l\u0131mc\u0131lar\u0131 ger\u00e7ek s\u0131n\u0131f ortam\u0131nda motive etmek ve monotonluktan kurtarmakt\u0131r.<\/p>\n<p>Daha \u00f6nce IT alan\u0131nda herhangi bir e\u011fitimi ve tecr\u00fcbesi olmayan bir ki\u015finin hem teknik olarak hemde dil y\u00f6n\u00fc ile ayn\u0131 anda iki zorlu\u011fu ya\u015famamas\u0131 i\u00e7in e\u011fitim dili t\u00fcrk\u00e7edir. IT haz\u0131rl\u0131k kursu adaylar\u0131n temel programlama mant\u0131\u011f\u0131n\u0131 \u00f6\u011frenmesini , bu sekt\u00f6r\u00fcn i\u015f teminolojisine al\u0131\u015fmas\u0131n\u0131 ve burada ald\u0131\u011f\u0131 e\u011fitim vesilesi ile uzman olmak istedi\u011fi alan\u0131 belirlemesine yard\u0131mc\u0131 olur. \u00c7ok geni\u015f ve her ge\u00e7en g\u00fcn b\u00fcy\u00fcyen IT sekt\u00f6r\u00fc beraberinde s\u00fcrekli yeni i\u015f alanlar\u0131n\u0131 olu\u015fturur. Sekt\u00f6re yabanc\u0131 olan ki\u015filerde hangi alanda kariyer yapaca\u011f\u0131 konusu b\u00fcy\u00fck bir soru i\u015faretidir. Mendix developer m\u0131 , Test Engineer m\u0131 , Data scientest m\u0131 gibi\u2026.. Bu kurs sonunda sekt\u00f6r\u00fcn dilini anlamaya ve konu\u015fmaya ba\u015flayacaks\u0131n\u0131z.<\/p>\n<p>IT kursumuz Python dersleri ile ba\u015flar devam\u0131nda Database ve Genel Cloud e\u011fitimi verilir. Kurs s\u00fcresinde \u00f6\u011frendi\u011finiz teorik dersleri, haftal\u0131K uygulama \u00f6devleri ve bitirme projesi ile hayata ge\u00e7irme imkan\u0131 bulacaks\u0131n\u0131z.<\/p>\n<div id=\"gtx-trans\" style=\"position: absolute; left: -1px; top: 226px;\">\n<div class=\"gtx-trans-icon\"><\/div>\n<\/div>\n<p>[\/vc_column_text][vc_single_image image=&#8221;6280&#8243; img_size=&#8221;full&#8221; alignment=&#8221;center&#8221;][\/vc_column][\/vc_row][vc_row][vc_column][vc_column_text]<\/p>\n<h3>Soft Skill Egitimlerimiz<\/h3>\n<p>Her hafta \u00e7ar\u015famba ve cuma ak\u015famlar\u0131 Soft skill derslerimiz yap\u0131lmaktad\u0131r. E\u011fitimlerimizde hedeflenen:<br \/>\nHer adaya piyasa \u015fartlar\u0131na uygun CV-Motivasyon Mektubu-Linkedin d\u00fczenlemesini \u00f6\u011fretebilmek,<br \/>\nIT alan\u0131nda \u00e7al\u0131\u015fmaya ba\u015flam\u0131\u015f ayn\u0131 kaderi payla\u015fan arkada\u015flar\u0131m\u0131z\u0131n seminerleri ile potansiyel i\u015f olanaklar\u0131na giden en k\u0131sa yollar\u0131 \u00f6\u011frenebilmek.<br \/>\nMeslek tan\u0131t\u0131mlar\u0131 ile sonraki s\u00fcre\u00e7te y\u00f6nelebilece\u011fimiz alanlar hakk\u0131nda detayl\u0131 bilgi sahibi olmak,<br \/>\nAgile \u00e7al\u0131\u015fma metodolojisini kavray\u0131p grup \u00e7al\u0131\u015fmalar\u0131n\u0131 bu felsefe \u00fczerine insa edebilmek,<br \/>\nGit-GitHub kullan\u0131m\u0131n\u0131 tam manas\u0131 ile uygulayabilmektir.<\/p>\n<h3>Farkl\u0131 Traineeshiplere Y\u00f6nlendi\u0307rme<\/h3>\n<p>\u015eu ana kadar edindi\u011fimiz tecr\u00fcbeler e\u015fli\u011finde m\u00fclteci ge\u00e7mi\u015fi olan ve IT alan\u0131nda kariyer yapmak isteyen adaylar\u0131n y\u00fcksek oranda Motoop , MakeITwork, Camas IT\u00a0 , Capgemini gibi kurulu\u015flar\u0131n d\u00fczenledi\u011fi traineeshipler ile i\u015fe daha kolay yerle\u015fti\u011fini g\u00f6rmekteyiz. Bu sebeple verdi\u011fimiz ment\u00f6rl\u00fck ile bu tip organizasyonlara kaliteli ba\u015fvurular yapt\u0131rmaktay\u0131z.<\/p>\n<h3>Data Engineer E\u011fitimi<\/h3>\n<p>Temel IT e\u011fitiminden sonra herhangi bir traineeshipe dahil olmayan ve bir alanda uzman olmak istiyen kat\u0131l\u0131mc\u0131lara sundu\u011fumuz devam e\u011fitimidir. Hollanda pazar\u0131nda Microsoft firmas\u0131 cloud aln\u0131nda dominantd\u0131r. Adaylar 15 haftal\u0131k a\u015fa\u011f\u0131da detaylar\u0131 belirtilen e\u011fitimden sonra, Microsoftun resmi s\u0131nav\u0131na girip <strong><em>Azure Data Engineer Associate <\/em><\/strong>sertifikas\u0131na almaktad\u0131rlar.[\/vc_column_text][\/vc_column][\/vc_row][vc_row][vc_column][vc_single_image image=&#8221;6282&#8243; img_size=&#8221;full&#8221;][vc_single_image image=&#8221;6283&#8243; img_size=&#8221;full&#8221;][\/vc_column][\/vc_row][vc_row][vc_column][vc_column_text]<\/p>\n<h3>Power BI Data Analist E\u011fitimi (PL 300)<\/h3>\n<p>Power BI Microsoftun \u00fcr\u00fcn\u00fc ve piyasadaki en pop\u00fcler g\u00f6rselle\u015ftirme programlar\u0131ndan biridir.\u00a0 Adaylar 5 haftal\u0131k a\u015fa\u011f\u0131da detaylar\u0131 belirtilen e\u011fitimden sonra, Microsoftun resmi s\u0131nav\u0131na girip <strong>Power BI Data Analyst Associate <em>\u00a0<\/em><\/strong>sertifikas\u0131n\u0131 almaktad\u0131rlar.[\/vc_column_text][\/vc_column][\/vc_row][vc_row][vc_column][vc_single_image image=&#8221;6284&#8243; img_size=&#8221;full&#8221;][\/vc_column][\/vc_row][vc_row][vc_column][vc_column_text]<\/p>\n<h3>Job Club<\/h3>\n<p>Projemize dahil olup aktif i\u015f arama a\u015famas\u0131nda olan t\u00fcm kat\u0131l\u0131mc\u0131lar\u0131n dahil oldu\u011fu profesyonel i\u015f arama sistemidir. Bu sistemde profesyonel bir i\u015fko\u00e7unun rehberli\u011finde ve bu konuda g\u00fc\u00e7l\u00fc bir yaz\u0131l\u0131m yard\u0131m\u0131 ile \u00a0aktif i\u015f ba\u015fvurular\u0131 yap\u0131lmaktad\u0131r. Amsterdam da fiziki olarak ayda bir kere d\u00fczenlenen seanslar 5 saat s\u00fcrmektedir. Seans boyunca nereden ve nas\u0131l ba\u015flayaca\u011f\u0131n\u0131z\u0131, i\u015f ba\u015fvurular\u0131n\u0131z\u0131n kalitesini artt\u0131rmak i\u00e7in ihtiyac\u0131n\u0131z olan bir \u00e7ok ayr\u0131nt\u0131 ve p\u00fcf noktalar\u0131 \u00f6\u011freneceksiniz. Bire bir olarak cv niz ve motivasyon mektubunuz i\u00e7in uzmanlardan feedback al\u0131p o anda ba\u015fvurular\u0131n\u0131z\u0131 ger\u00e7ekle\u015ftirebilecekseniz.[\/vc_column_text][\/vc_column][\/vc_row][vc_row][vc_column]<div class=\"hanor-section-title section-title-one hanor-stitle-69d98a5371db8-mezunlarimizin-kariyer-basarilari cpation-center \"><h2 class=\"section-title\">Mezunlar\u0131m\u0131z\u0131n Kariyer Ba\u015far\u0131lar\u0131<\/h2><\/div>[\/vc_column][\/vc_row][vc_row][vc_column width=&#8221;1\/4&#8243;]<div class=\"hanor-stats hanor-counter-69d98a5371e66  have-border dhav-icon hav-value-in\">\n                <div class=\"stats-item hanor-item\"><h2 class=\"stats-number\"><span class=\"hanor-counter\"  data-delay=\"1\" data-time=\"100\">8<\/span> <span class=\"hanor-vlaue-in\">+<\/span><\/h2><h4 class=\"stats-title\">S\u0131n\u0131f<\/h4><\/div>\n              <\/div>[\/vc_column][vc_column width=&#8221;1\/4&#8243;]<div class=\"hanor-stats hanor-counter-69d98a5371e74  hide-border dhav-icon hav-value-in\">\n                <div class=\"stats-item hanor-item\"><h2 class=\"stats-number\"><span class=\"hanor-counter\"  data-delay=\"1\" data-time=\"100\">150<\/span> <span class=\"hanor-vlaue-in\">+<\/span><\/h2><h4 class=\"stats-title\">Mezun<\/h4><\/div>\n              <\/div>[\/vc_column][vc_column width=&#8221;1\/4&#8243;]<div class=\"hanor-stats hanor-counter-69d98a5371e80  hide-border dhav-icon hav-value-in\">\n                <div class=\"stats-item hanor-item\"><h2 class=\"stats-number\"><span class=\"hanor-counter\"  data-delay=\"1\" data-time=\"100\">20<\/span> <span class=\"hanor-vlaue-in\">+<\/span><\/h2><h4 class=\"stats-title\">\u0130\u015fe yerle\u015fen<\/h4><\/div>\n              <\/div>[\/vc_column][vc_column width=&#8221;1\/4&#8243;]<div class=\"hanor-stats hanor-counter-69d98a5371e8b  hide-border dhav-icon hav-value-in\">\n                <div class=\"stats-item hanor-item\"><h2 class=\"stats-number\"><span class=\"hanor-counter\"  data-delay=\"1\" data-time=\"100\">50<\/span> <span class=\"hanor-vlaue-in\">+<\/span><\/h2><h4 class=\"stats-title\">Traineeship kazanan<\/h4><\/div>\n              <\/div>[\/vc_column][\/vc_row][vc_row][vc_column]<div class=\"hanor-section-title section-title-one hanor-stitle-69d98a5371e93-mezunlarimizin-calistigi-firmalar cpation-center \"><h2 class=\"section-title\">Mezunlar\u0131m\u0131z\u0131n \u00c7al\u0131\u015ft\u0131\u011f\u0131 Firmalar<\/h2><\/div>[\/vc_column][\/vc_row][vc_row][vc_column width=&#8221;1\/4&#8243;][vc_single_image image=&#8221;5787&#8243; img_size=&#8221;medium&#8221; alignment=&#8221;center&#8221; css=&#8221;.vc_custom_1728902097577{background-position: center !important;background-repeat: no-repeat !important;background-size: cover !important;}&#8221;][vc_single_image image=&#8221;5789&#8243; img_size=&#8221;245&#215;245&#8243;][\/vc_column][vc_column width=&#8221;1\/4&#8243;][vc_single_image image=&#8221;5798&#8243; img_size=&#8221;medium&#8221; alignment=&#8221;center&#8221; css=&#8221;.vc_custom_1728902118045{background-position: center !important;background-repeat: no-repeat !important;background-size: cover !important;}&#8221;][vc_single_image image=&#8221;5791&#8243; img_size=&#8221;medium&#8221;][\/vc_column][vc_column width=&#8221;1\/4&#8243;][vc_single_image image=&#8221;5788&#8243; img_size=&#8221;medium&#8221; alignment=&#8221;center&#8221; css=&#8221;.vc_custom_1728902127311{background-position: center !important;background-repeat: no-repeat !important;background-size: cover !important;}&#8221;][vc_single_image image=&#8221;5794&#8243; img_size=&#8221;medium&#8221;][\/vc_column][vc_column width=&#8221;1\/4&#8243;][vc_single_image image=&#8221;5790&#8243; img_size=&#8221;medium&#8221; alignment=&#8221;center&#8221; css=&#8221;.vc_custom_1728902136392{background-position: center !important;background-repeat: no-repeat !important;background-size: cover !important;}&#8221;][vc_single_image image=&#8221;5793&#8243; alignment=&#8221;center&#8221; css=&#8221;.vc_custom_1728902269376{background-position: center !important;background-repeat: no-repeat !important;background-size: cover !important;}&#8221;][\/vc_column][\/vc_row][vc_row][vc_column]<div class=\"hanor-section-title section-title-one hanor-stitle-69d98a5371eaa-mezunlarimizin-devam-ettigi-traineeshipler cpation-center \"><h2 class=\"section-title\">Mezunlar\u0131m\u0131z\u0131n devam etti\u011fi traineeship'ler<\/h2><\/div>[\/vc_column][\/vc_row][vc_row][vc_column width=&#8221;1\/4&#8243;][vc_single_image image=&#8221;5799&#8243; img_size=&#8221;medium&#8221; alignment=&#8221;center&#8221; css=&#8221;.vc_custom_1728902437564{background-position: center !important;background-repeat: no-repeat !important;background-size: cover !important;}&#8221;][\/vc_column][vc_column width=&#8221;1\/4&#8243;][vc_single_image image=&#8221;5798&#8243; img_size=&#8221;medium&#8221; alignment=&#8221;center&#8221; css=&#8221;.vc_custom_1728902118045{background-position: center !important;background-repeat: no-repeat !important;background-size: cover !important;}&#8221;][vc_single_image image=&#8221;5796&#8243; img_size=&#8221;medium&#8221;][\/vc_column][vc_column width=&#8221;1\/4&#8243;][vc_single_image image=&#8221;5801&#8243; img_size=&#8221;medium&#8221; alignment=&#8221;center&#8221; css=&#8221;.vc_custom_1728902451045{background-position: center !important;background-repeat: no-repeat !important;background-size: cover !important;}&#8221;][vc_single_image image=&#8221;5794&#8243; img_size=&#8221;medium&#8221;][\/vc_column][vc_column width=&#8221;1\/4&#8243;][vc_single_image image=&#8221;5797&#8243; img_size=&#8221;medium&#8221; alignment=&#8221;center&#8221; css=&#8221;.vc_custom_1728902462992{background-position: center !important;background-repeat: no-repeat !important;background-size: cover !important;}&#8221;][\/vc_column][\/vc_row]<\/p>\n","protected":false},"excerpt":{"rendered":"[vc_row][vc_column][vc_column_text]Hedefimiz \u00e7ok geni\u015f olan IT sekt\u00f6r\u00fcnde kariyer yapmak isteyen m\u00fcltecilere temel bir IT e\u011fitimi verdikten sonra, sekt\u00f6rde kendilerine en uygun alan\u0131 se\u00e7ip, o alanda i\u015f garantili traineshiplere (staj vb programlara) dahil olmalar\u0131n\u0131 sa\u011flamakt\u0131r. Bu proje ile ana dilde IT haz\u0131rl\u0131k e\u011fitimi, \u0130ngilizce e\u011fitimi ve sonunda ger\u00e7ek i\u015f dilinde tranieeship ile kabiliyet ve yeteneklerini en do\u011fru&#8230;","protected":false},"author":2,"featured_media":0,"parent":0,"menu_order":0,"comment_status":"closed","ping_status":"closed","template":"","meta":{"_seopress_robots_primary_cat":""},"_links":{"self":[{"href":"https:\/\/werhere.nl\/tr\/wp-json\/wp\/v2\/pages\/5569"}],"collection":[{"href":"https:\/\/werhere.nl\/tr\/wp-json\/wp\/v2\/pages"}],"about":[{"href":"https:\/\/werhere.nl\/tr\/wp-json\/wp\/v2\/types\/page"}],"author":[{"embeddable":true,"href":"https:\/\/werhere.nl\/tr\/wp-json\/wp\/v2\/users\/2"}],"replies":[{"embeddable":true,"href":"https:\/\/werhere.nl\/tr\/wp-json\/wp\/v2\/comments?post=5569"}],"version-history":[{"count":23,"href":"https:\/\/werhere.nl\/tr\/wp-json\/wp\/v2\/pages\/5569\/revisions"}],"predecessor-version":[{"id":6285,"href":"https:\/\/werhere.nl\/tr\/wp-json\/wp\/v2\/pages\/5569\/revisions\/6285"}],"wp:attachment":[{"href":"https:\/\/werhere.nl\/tr\/wp-json\/wp\/v2\/media?parent=5569"}],"curies":[{"name":"wp","href":"https:\/\/api.w.org\/{rel}","templated":true}]}}