{"id":6176,"date":"2025-08-27T19:24:36","date_gmt":"2025-08-27T19:24:36","guid":{"rendered":"https:\/\/werhere.nl\/tr\/?page_id=6176"},"modified":"2025-08-27T19:24:36","modified_gmt":"2025-08-27T19:24:36","slug":"kurumumuz","status":"publish","type":"page","link":"https:\/\/werhere.nl\/tr\/kurumumuz\/","title":{"rendered":"Kurumumuz"},"content":{"rendered":"<p>[vc_row][vc_column width=&#8221;2\/3&#8243;][vc_column_text]<em>We\u2019RHERE, \u00fcyelerinin ihtiya\u00e7lar\u0131na g\u00f6re tasarlanm\u0131\u015f <strong>\u00f6zel projeler<\/strong> ve <strong>programlar<\/strong> \u00fcreten bir sosyal giri\u015fimdir.<\/em><\/p>\n<ul>\n<li><strong><em>Altijd-dsk<\/em><\/strong><em>: 1 Haziran 2022\u2019den itibaren We\u2019RHERE label\u2019\u0131n\u0131n sahibi olarak \u015firket b\u00f6l\u00fcm\u00fcn\u00fc y\u00fcr\u00fct\u00fcr. (LINK : <a href=\"https:\/\/altijd-dsk.nl\/\">https:\/\/altijd-dsk.nl\/<\/a>)<\/em><\/li>\n<li><strong><em>Stichting Pars Cipere Vakf\u0131<\/em><\/strong><em>: Vak\u0131fsal projelerimizi ve toplumsal kat\u0131l\u0131m \u00e7al\u0131\u015fmalar\u0131m\u0131z\u0131 y\u00fcr\u00fct\u00fcr. <\/em><\/li>\n<li><strong><em>APIS Academy<\/em><\/strong><em>: 1 Ocak 2025\u2019ten itibaren akredite e\u011fitim merkezi olarak mesleki ve sekt\u00f6rel e\u011fitimlerimizi sa\u011flar. (LINK: https:\/\/apis-academy.nl\/)<\/em><\/li>\n<\/ul>\n<p><em>Kuruldu\u011fumuz g\u00fcnden bu yana:<\/em><\/p>\n<ul>\n<li><em>\u00dcye say\u0131m\u0131z <strong>100\u2019den 5000\u2019e<\/strong> ula\u015ft\u0131<\/em><\/li>\n<li><strong><em>Her y\u0131l 250\u2019den fazla<\/em><\/strong><em> do\u011frudan ve dolayl\u0131 i\u015f yerle\u015ftirmesi <\/em><\/li>\n<li><strong><em>90 g\u00f6n\u00fcll\u00fc<\/em><\/strong><em> ve <strong>5 proje lideri<\/strong> ve <strong>iki profesyonel kurumla <\/strong>ile aktif sahada \u00e7al\u0131\u015fma<\/em><\/li>\n<li><em>Projelerimiz aras\u0131nda <strong>Nieuwe Docent<\/strong>, <strong>VIT<\/strong> ve KYC\/<strong>Finance Administration<\/strong> yer almaktad\u0131r.<\/em><\/li>\n<\/ul>\n<p>[\/vc_column_text][\/vc_column][vc_column width=&#8221;1\/3&#8243;][\/vc_column][\/vc_row][vc_row][vc_column][vc_column_text]<a href=\"https:\/\/werhere.nl\/tr\/yaklasimimiz\/\"><em>Devam\u0131n\u0131 oku \u00a0\u2192\u00a0 YAKLA\u015eIMIMIZ<\/em><\/a><br \/>\n<a href=\"https:\/\/werhere.nl\/tr\/projelerimiz\/\"><em>Devam\u0131n\u0131 oku \u00a0\u2192\u00a0 PROJELER\u0130M\u0130Z<\/em><\/a>[\/vc_column_text][\/vc_column][\/vc_row]<\/p>\n","protected":false},"excerpt":{"rendered":"[vc_row][vc_column width=&#8221;2\/3&#8243;][vc_column_text]We\u2019RHERE, \u00fcyelerinin ihtiya\u00e7lar\u0131na g\u00f6re tasarlanm\u0131\u015f \u00f6zel projeler ve programlar \u00fcreten bir sosyal giri\u015fimdir. Altijd-dsk: 1 Haziran 2022\u2019den itibaren We\u2019RHERE label\u2019\u0131n\u0131n sahibi olarak \u015firket b\u00f6l\u00fcm\u00fcn\u00fc y\u00fcr\u00fct\u00fcr. (LINK : https:\/\/altijd-dsk.nl\/) Stichting Pars Cipere Vakf\u0131: Vak\u0131fsal projelerimizi ve toplumsal kat\u0131l\u0131m \u00e7al\u0131\u015fmalar\u0131m\u0131z\u0131 y\u00fcr\u00fct\u00fcr. APIS Academy: 1 Ocak 2025\u2019ten itibaren akredite e\u011fitim merkezi olarak mesleki ve sekt\u00f6rel e\u011fitimlerimizi sa\u011flar&#8230;.","protected":false},"author":2,"featured_media":0,"parent":0,"menu_order":0,"comment_status":"closed","ping_status":"closed","template":"","meta":{"_seopress_robots_primary_cat":""},"_links":{"self":[{"href":"https:\/\/werhere.nl\/tr\/wp-json\/wp\/v2\/pages\/6176"}],"collection":[{"href":"https:\/\/werhere.nl\/tr\/wp-json\/wp\/v2\/pages"}],"about":[{"href":"https:\/\/werhere.nl\/tr\/wp-json\/wp\/v2\/types\/page"}],"author":[{"embeddable":true,"href":"https:\/\/werhere.nl\/tr\/wp-json\/wp\/v2\/users\/2"}],"replies":[{"embeddable":true,"href":"https:\/\/werhere.nl\/tr\/wp-json\/wp\/v2\/comments?post=6176"}],"version-history":[{"count":4,"href":"https:\/\/werhere.nl\/tr\/wp-json\/wp\/v2\/pages\/6176\/revisions"}],"predecessor-version":[{"id":6180,"href":"https:\/\/werhere.nl\/tr\/wp-json\/wp\/v2\/pages\/6176\/revisions\/6180"}],"wp:attachment":[{"href":"https:\/\/werhere.nl\/tr\/wp-json\/wp\/v2\/media?parent=6176"}],"curies":[{"name":"wp","href":"https:\/\/api.w.org\/{rel}","templated":true}]}}