{"id":6182,"date":"2025-08-27T19:29:00","date_gmt":"2025-08-27T19:29:00","guid":{"rendered":"https:\/\/werhere.nl\/tr\/?page_id=6182"},"modified":"2025-08-27T19:29:00","modified_gmt":"2025-08-27T19:29:00","slug":"yaklasimimiz","status":"publish","type":"page","link":"https:\/\/werhere.nl\/tr\/yaklasimimiz\/","title":{"rendered":"Yakla\u015f\u0131m\u0131m\u0131z"},"content":{"rendered":"<p>[vc_row][vc_column width=&#8221;2\/3&#8243;][vc_column_text]<em>We\u2019RHERE, <strong>\u201cg\u00fcn s\u0131f\u0131rdan itibaren kat\u0131l\u0131m\u201d<\/strong> ve <strong>kaderda\u015fl\u0131k metodolojisi<\/strong> ile \u00e7al\u0131\u015f\u0131r. Kat\u0131l\u0131mc\u0131lar\u0131m\u0131z\u0131n yolculu\u011fu \u015fu a\u015famalardan ge\u00e7er:<\/em><\/p>\n<ol>\n<li><strong><em>Sosyal Kat\u0131l\u0131m ve Haz\u0131rl\u0131k<\/em><\/strong><em> \u2013 Hollanda ya\u015fam\u0131na, k\u00fclt\u00fcr\u00fcne, diline ve mesleki gerekliliklerine uyum.<\/em><\/li>\n<li><strong><em>\u0130lk \u0130\u015f ve \u0130\u015fba\u015f\u0131 Deste\u011fi<\/em><\/strong><em> \u2013 \u0130lk i\u015f deneyiminde adaptasyon, mentorluk ve performans takibi.<\/em><\/li>\n<li><strong><em>Kariyer Ge\u00e7i\u015fi veya \u0130lerlemesi<\/em><\/strong><em> \u2013 Kendi alan\u0131na d\u00f6n\u00fc\u015f, uzmanla\u015fma veya sekt\u00f6r de\u011fi\u015fimi.<\/em><\/li>\n<\/ol>\n<p><em>Her projede <strong>mentorluk<\/strong>, <strong>dil deste\u011fi<\/strong> ve <strong>i\u015f a\u011f\u0131na eri\u015fim<\/strong> standartt\u0131r. \u00c7al\u0131\u015fmalar\u0131m\u0131z, hem sahadaki tecr\u00fcbeler hem de yap\u0131lan ara\u015ft\u0131rmalarla s\u00fcrekli geli\u015fmekte ve takdir g\u00f6rmektedir.<\/em><\/p>\n<p>&nbsp;<\/p>\n<p><em>We\u2019RHERE metodoloji ara\u015ft\u0131rma ve haber dok\u00fcmanlar\u0131:<\/em><\/p>\n<p><em>ONE PAGER VIT<\/em><\/p>\n<p><em>Regioplan VIT 1.0 onderzoek<\/em><\/p>\n<p><em>De Ingenieur dergi haberi: <\/em><a href=\"https:\/\/deingenieur.nl\/artikelen\/nieuwkomers-in-de-techniek\"><em>https:\/\/deingenieur.nl\/artikelen\/nieuwkomers-in-de-techniek<\/em><\/a><\/p>\n<p><em>HPP programi: <\/em><a href=\"https:\/\/www.hetpotentieelpakken.nl\/sociale-ondernemers-als-katalysator-voor-arbeidsmarktvernieuwing-terugblik-op-het-hpp-event\/\"><em>https:\/\/www.hetpotentieelpakken.nl\/sociale-ondernemers-als-katalysator-voor-arbeidsmarktvernieuwing-terugblik-op-het-hpp-event\/<\/em><\/a><\/p>\n<p><em>NL digital program: <\/em><a href=\"https:\/\/www.nldigital.nl\/nieuws\/een-diep-geloof-in-het-talent-van-mensen-zij-instroompact-voor-ict-potentieel\/\"><em>https:\/\/www.nldigital.nl\/nieuws\/een-diep-geloof-in-het-talent-van-mensen-zij-instroompact-voor-ict-potentieel\/<\/em><\/a><\/p>\n<p><em>JOBPORT haber: <\/em><a href=\"https:\/\/www.jobport.nl\/nieuws\/2022\/07\/04\/jobport-legt-potentie-vluchtelingen-bloot\/\"><em>https:\/\/www.jobport.nl\/nieuws\/2022\/07\/04\/jobport-legt-potentie-vluchtelingen-bloot\/<\/em><\/a>[\/vc_column_text][\/vc_column][vc_column width=&#8221;1\/3&#8243;][\/vc_column][\/vc_row][vc_row][vc_column][vc_column_text]<a href=\"https:\/\/werhere.nl\/tr\/partnerlerimiz\/\"><em>Devam\u0131n\u0131 oku \u00a0\u2192\u00a0 PARTNERLER\u0130M\u0130Z<\/em><\/a><br \/>\n<a href=\"https:\/\/werhere.nl\/tr\/projelerimiz\/\"><em>Devam\u0131n\u0131 oku \u00a0\u2192\u00a0 PROJELER\u0130M\u0130Z<\/em><\/a>[\/vc_column_text][\/vc_column][\/vc_row]<\/p>\n","protected":false},"excerpt":{"rendered":"[vc_row][vc_column width=&#8221;2\/3&#8243;][vc_column_text]We\u2019RHERE, \u201cg\u00fcn s\u0131f\u0131rdan itibaren kat\u0131l\u0131m\u201d ve kaderda\u015fl\u0131k metodolojisi ile \u00e7al\u0131\u015f\u0131r. Kat\u0131l\u0131mc\u0131lar\u0131m\u0131z\u0131n yolculu\u011fu \u015fu a\u015famalardan ge\u00e7er: Sosyal Kat\u0131l\u0131m ve Haz\u0131rl\u0131k \u2013 Hollanda ya\u015fam\u0131na, k\u00fclt\u00fcr\u00fcne, diline ve mesleki gerekliliklerine uyum. \u0130lk \u0130\u015f ve \u0130\u015fba\u015f\u0131 Deste\u011fi \u2013 \u0130lk i\u015f deneyiminde adaptasyon, mentorluk ve performans takibi. Kariyer Ge\u00e7i\u015fi veya \u0130lerlemesi \u2013 Kendi alan\u0131na d\u00f6n\u00fc\u015f, uzmanla\u015fma veya sekt\u00f6r de\u011fi\u015fimi&#8230;.","protected":false},"author":2,"featured_media":0,"parent":0,"menu_order":0,"comment_status":"closed","ping_status":"closed","template":"","meta":{"_seopress_robots_primary_cat":""},"_links":{"self":[{"href":"https:\/\/werhere.nl\/tr\/wp-json\/wp\/v2\/pages\/6182"}],"collection":[{"href":"https:\/\/werhere.nl\/tr\/wp-json\/wp\/v2\/pages"}],"about":[{"href":"https:\/\/werhere.nl\/tr\/wp-json\/wp\/v2\/types\/page"}],"author":[{"embeddable":true,"href":"https:\/\/werhere.nl\/tr\/wp-json\/wp\/v2\/users\/2"}],"replies":[{"embeddable":true,"href":"https:\/\/werhere.nl\/tr\/wp-json\/wp\/v2\/comments?post=6182"}],"version-history":[{"count":1,"href":"https:\/\/werhere.nl\/tr\/wp-json\/wp\/v2\/pages\/6182\/revisions"}],"predecessor-version":[{"id":6183,"href":"https:\/\/werhere.nl\/tr\/wp-json\/wp\/v2\/pages\/6182\/revisions\/6183"}],"wp:attachment":[{"href":"https:\/\/werhere.nl\/tr\/wp-json\/wp\/v2\/media?parent=6182"}],"curies":[{"name":"wp","href":"https:\/\/api.w.org\/{rel}","templated":true}]}}