{"id":6184,"date":"2025-08-27T20:08:07","date_gmt":"2025-08-27T20:08:07","guid":{"rendered":"https:\/\/werhere.nl\/tr\/?page_id=6184"},"modified":"2025-08-27T21:31:44","modified_gmt":"2025-08-27T21:31:44","slug":"partnerlerimiz","status":"publish","type":"page","link":"https:\/\/werhere.nl\/tr\/partnerlerimiz\/","title":{"rendered":"Partnerlerimiz"},"content":{"rendered":"<p>[vc_row][vc_column width=&#8221;2\/3&#8243;][vc_column_text]<em>We\u2019RHERE (We are High Educated Refugee Employee), 2019 y\u0131l\u0131nda kurulmu\u015f, Hollanda\u2019ya yeni gelen y\u00fcksek\u00f6\u011frenim mezunu m\u00fcltecilerin ve g\u00f6\u00e7menlerin kariyerlerini kendi potansiyellerinde s\u00fcrd\u00fcrebilmeleri i\u00e7in projeler geli\u015ftiren bir sosyal platformdur.<\/em><\/p>\n<p><em>Metodolojimiz <strong>kaderda\u015fl\u0131k<\/strong> ilkesine dayan\u0131r: e\u011fitim ve y\u00f6nlendirme yapan ko\u00e7lar ve hocalar, ayn\u0131 gruptan gelen ve benzer tecr\u00fcbeler ya\u015fam\u0131\u015f ki\u015filerden olu\u015fur. B\u00f6ylece, bir \u00f6nceki grup, kendisinden sonra gelen gruba destek verir. Bu vak\u0131fsal \u00e7al\u0131\u015fman\u0131n yan\u0131 s\u0131ra, profesyonel kurumlar ve uzman ki\u015filerle sinerji i\u00e7inde, kat\u0131l\u0131mc\u0131lar\u0131n kariyerlerini geli\u015ftirmeleri i\u00e7in \u00f6zg\u00fcn projeler y\u00fcr\u00fct\u00fcl\u00fcr. Bu sistem, <strong>NGO bazl\u0131, \u015firket ve e\u011fitim merkezi kombinasyonu<\/strong> olarak Hollanda\u2019da tek \u00f6rnektir.<\/em><\/p>\n<p><strong><em>Altijd-dsk<\/em><\/strong><em>, 1 Haziran 2022 itibar\u0131yla We\u2019RHERE label\u2019\u0131n\u0131n sahibi olarak \u015firket b\u00f6l\u00fcm\u00fcn\u00fc y\u00fcr\u00fct\u00fcrken; <strong>Stichting Pars Cipere Vakf\u0131<\/strong> vak\u0131fsal \u00e7al\u0131\u015fmalar\u0131m\u0131z\u0131 s\u00fcrd\u00fcrmektedir. <strong>APIS Academy<\/strong>, 1 Ocak 2025 itibar\u0131yla akredite e\u011fitim merkezi olarak We\u2019RHERE\u2019nin e\u011fitim ve sertifika s\u00fcre\u00e7lerini y\u00fcr\u00fctmektedir.<\/em>[\/vc_column_text][\/vc_column][vc_column width=&#8221;1\/3&#8243;][\/vc_column][\/vc_row][vc_row equal_height=&#8221;yes&#8221; overlay_dotted=&#8221;&#8221;][vc_column width=&#8221;1\/5&#8243;][vc_single_image image=&#8221;5433&#8243; title=&#8221;Altijd-dsk&#8221;][\/vc_column][vc_column width=&#8221;1\/5&#8243;][vc_single_image image=&#8221;6190&#8243; img_size=&#8221;medium&#8221; add_caption=&#8221;yes&#8221; alignment=&#8221;center&#8221; css_animation=&#8221;none&#8221; title=&#8221;APIS Academy&#8221;][\/vc_column][vc_column width=&#8221;1\/5&#8243;][vc_single_image image=&#8221;6196&#8243; title=&#8221;Trisolis&#8221;][\/vc_column][vc_column width=&#8221;1\/5&#8243;][vc_single_image image=&#8221;6201&#8243; title=&#8221;Instituut GAK&#8221;][\/vc_column][vc_column width=&#8221;1\/5&#8243;][vc_single_image image=&#8221;6205&#8243; title=&#8221;Goldschmeding Foundation&#8221; css=&#8221;.vc_custom_1756324146782{background-position: center !important;background-repeat: no-repeat !important;background-size: contain !important;}&#8221;][\/vc_column][\/vc_row][vc_row equal_height=&#8221;yes&#8221; overlay_dotted=&#8221;&#8221;][vc_column width=&#8221;1\/5&#8243;][vc_single_image image=&#8221;6213&#8243; img_size=&#8221;medium&#8221; title=&#8221;Oranje Fonds&#8221;][\/vc_column][vc_column width=&#8221;1\/5&#8243;][vc_single_image image=&#8221;5449&#8243; img_size=&#8221;medium&#8221; add_caption=&#8221;yes&#8221; alignment=&#8221;center&#8221; css_animation=&#8221;none&#8221; title=&#8221;PIN KNR&#8221;][\/vc_column][vc_column width=&#8221;1\/5&#8243;][vc_single_image image=&#8221;5444&#8243; title=&#8221;Wim Tijhaar Educatiefonds&#8221;][\/vc_column][vc_column width=&#8221;1\/5&#8243;][vc_single_image image=&#8221;6216&#8243; img_size=&#8221;medium&#8221; title=&#8221;Stichting Even Anders&#8221;][\/vc_column][vc_column width=&#8221;1\/5&#8243;][vc_single_image image=&#8221;6218&#8243; img_size=&#8221;medium&#8221; title=&#8221;Startwerk Vluchtelingen&#8221; css=&#8221;.vc_custom_1756324706271{background-position: center !important;background-repeat: no-repeat !important;background-size: contain !important;}&#8221;][\/vc_column][\/vc_row][vc_row equal_height=&#8221;yes&#8221; overlay_dotted=&#8221;&#8221;][vc_column width=&#8221;1\/5&#8243;][vc_single_image image=&#8221;6219&#8243; img_size=&#8221;medium&#8221; title=&#8221;Everyday Heroes&#8221;][\/vc_column][vc_column width=&#8221;1\/5&#8243;][vc_single_image image=&#8221;6220&#8243; img_size=&#8221;medium&#8221; add_caption=&#8221;yes&#8221; alignment=&#8221;center&#8221; css_animation=&#8221;none&#8221; title=&#8221;Platform Nieuwkomers en Werk&#8221;][\/vc_column][vc_column width=&#8221;1\/5&#8243;][vc_single_image image=&#8221;6221&#8243; img_size=&#8221;medium&#8221; title=&#8221;Future IT&#8221;][\/vc_column][vc_column width=&#8221;1\/5&#8243;][vc_single_image image=&#8221;5801&#8243; img_size=&#8221;medium&#8221; title=&#8221;Hack Your Future&#8221;][\/vc_column][vc_column width=&#8221;1\/5&#8243;][vc_single_image image=&#8221;6222&#8243; img_size=&#8221;medium&#8221; title=&#8221;Refrisk&#8221; css=&#8221;.vc_custom_1756325055206{background-position: center !important;background-repeat: no-repeat !important;background-size: contain !important;}&#8221;][\/vc_column][\/vc_row][vc_row equal_height=&#8221;yes&#8221; overlay_dotted=&#8221;&#8221;][vc_column width=&#8221;1\/5&#8243;][vc_single_image image=&#8221;6224&#8243; img_size=&#8221;medium&#8221; title=&#8221;Jobstap&#8221;][\/vc_column][vc_column width=&#8221;1\/5&#8243;][vc_single_image image=&#8221;6258&#8243; img_size=&#8221;medium&#8221; title=&#8221;KIVI&#8221;][\/vc_column][vc_column width=&#8221;1\/5&#8243;][\/vc_column][vc_column width=&#8221;1\/5&#8243;][\/vc_column][vc_column width=&#8221;1\/5&#8243;][\/vc_column][\/vc_row][vc_row][vc_column][vc_column_text]<a href=\"https:\/\/werhere.nl\/tr\/belediye-is-birlikleri\/\"><em>Devam\u0131n\u0131 oku \u00a0\u2192\u00a0 BELED\u0130YE \u0130\u015e B\u0130RL\u0130KLER\u0130<\/em><\/a><br \/>\n<a href=\"https:\/\/werhere.nl\/tr\/projelerimiz\/\"><em>Devam\u0131n\u0131 oku \u00a0\u2192\u00a0 RROJELERIMIZ<\/em><\/a>[\/vc_column_text][\/vc_column][\/vc_row]<\/p>\n","protected":false},"excerpt":{"rendered":"[vc_row][vc_column width=&#8221;2\/3&#8243;][vc_column_text]We\u2019RHERE (We are High Educated Refugee Employee), 2019 y\u0131l\u0131nda kurulmu\u015f, Hollanda\u2019ya yeni gelen y\u00fcksek\u00f6\u011frenim mezunu m\u00fcltecilerin ve g\u00f6\u00e7menlerin kariyerlerini kendi potansiyellerinde s\u00fcrd\u00fcrebilmeleri i\u00e7in projeler geli\u015ftiren bir sosyal platformdur. Metodolojimiz kaderda\u015fl\u0131k ilkesine dayan\u0131r: e\u011fitim ve y\u00f6nlendirme yapan ko\u00e7lar ve hocalar, ayn\u0131 gruptan gelen ve benzer tecr\u00fcbeler ya\u015fam\u0131\u015f ki\u015filerden olu\u015fur. B\u00f6ylece, bir \u00f6nceki grup, kendisinden sonra&#8230;","protected":false},"author":2,"featured_media":0,"parent":0,"menu_order":0,"comment_status":"closed","ping_status":"closed","template":"","meta":{"_seopress_robots_primary_cat":""},"_links":{"self":[{"href":"https:\/\/werhere.nl\/tr\/wp-json\/wp\/v2\/pages\/6184"}],"collection":[{"href":"https:\/\/werhere.nl\/tr\/wp-json\/wp\/v2\/pages"}],"about":[{"href":"https:\/\/werhere.nl\/tr\/wp-json\/wp\/v2\/types\/page"}],"author":[{"embeddable":true,"href":"https:\/\/werhere.nl\/tr\/wp-json\/wp\/v2\/users\/2"}],"replies":[{"embeddable":true,"href":"https:\/\/werhere.nl\/tr\/wp-json\/wp\/v2\/comments?post=6184"}],"version-history":[{"count":33,"href":"https:\/\/werhere.nl\/tr\/wp-json\/wp\/v2\/pages\/6184\/revisions"}],"predecessor-version":[{"id":6274,"href":"https:\/\/werhere.nl\/tr\/wp-json\/wp\/v2\/pages\/6184\/revisions\/6274"}],"wp:attachment":[{"href":"https:\/\/werhere.nl\/tr\/wp-json\/wp\/v2\/media?parent=6184"}],"curies":[{"name":"wp","href":"https:\/\/api.w.org\/{rel}","templated":true}]}}