{"id":6228,"date":"2025-08-27T20:10:44","date_gmt":"2025-08-27T20:10:44","guid":{"rendered":"https:\/\/werhere.nl\/tr\/?page_id=6228"},"modified":"2025-08-27T20:10:44","modified_gmt":"2025-08-27T20:10:44","slug":"belediye-is-birlikleri","status":"publish","type":"page","link":"https:\/\/werhere.nl\/tr\/belediye-is-birlikleri\/","title":{"rendered":"Belediye \u0130\u015f Birlikleri"},"content":{"rendered":"<p>[vc_row][vc_column width=&#8221;2\/3&#8243;][vc_column_text]<em>Belediyeler, projelerimizin hayata ge\u00e7irilmesinde kritik rol oynar. \u0130\u015f birli\u011fi yapt\u0131\u011f\u0131m\u0131z belediyeler sayesinde, e\u011fitim ve y\u00f6nlendirme programlar\u0131m\u0131z\u0131n \u00fccretleri ile kat\u0131l\u0131mc\u0131lar\u0131n yol masraflar\u0131 <strong>belediyeler taraf\u0131ndan kar\u015f\u0131lanma imk\u00e2n\u0131na sahiptir<\/strong>. B\u00f6ylece, kat\u0131l\u0131mc\u0131lar hi\u00e7bir maddi engel olmadan projelerimize d\u00e2hil olabilirler.<\/em><\/p>\n<p><strong><em>\u0130\u015f birli\u011fi yapt\u0131\u011f\u0131m\u0131z belediyeler ve b\u00f6lgesel kurulu\u015flar:<\/em><\/strong><\/p>\n<ol>\n<li><em>BWRI (Midden-Groningen)<\/em><\/li>\n<li><em>Gemeente Altena<\/em><\/li>\n<li><em>Gemeente Amsterdam<\/em><\/li>\n<li><em>Gemeente Apeldoorn<\/em><\/li>\n<li><em>Gemeente Barneveld<\/em><\/li>\n<li><em>Gemeente Breda<\/em><\/li>\n<li><em>Gemeente Den Haag<\/em><\/li>\n<li><em>Gemeente Ede<\/em><\/li>\n<li><em>Gemeente Groningen<\/em><\/li>\n<li><em>Gemeente Haarlemmermeer<\/em><\/li>\n<li><em>Gemeente Heerenveen<\/em><\/li>\n<li><em>Gemeente Het Hogeland<\/em><\/li>\n<li><em>Gemeente Leiden<\/em><\/li>\n<li><em>Gemeente Leudal<\/em><\/li>\n<li><em>Gemeente Nuenen<\/em><\/li>\n<li><em>Gemeente Overbetuwe<\/em><\/li>\n<li><em>Gemeente Pijnacker-Nootdorp<\/em><\/li>\n<li><em>Gemeente Renswoude<\/em><\/li>\n<li><em>Gemeente Uithoorn<\/em><\/li>\n<li><em>Gemeente Utrecht<\/em><\/li>\n<li><em>Gemeente Veenendaal<\/em><\/li>\n<li><em>Gemeente Veldhoven<\/em><\/li>\n<li><em>Gemeente Wageningen<\/em><\/li>\n<li><em>Laborijn (Doetinchem, Aalten, Montferland, Oude IJsselstreek)<\/em><\/li>\n<li><em>RSD Kromme Rijn Heuvelrug<\/em><\/li>\n<li><em>Servicecentrum-MER (Maasgouw, Echt-Susteren, Roerdalen)<\/em><\/li>\n<li><em>Sociale Dienst Drechtsteden (Alblasserdam, Dordrecht, Hardinxveld-Giessendam, Hendrik-Ido-Ambacht, Papendrecht, Sliedrecht, Zwijndrecht)<\/em><\/li>\n<li><em>Tiem (Zwolle)<\/em><\/li>\n<li><em>Werkom (Purmerend, Zaanstad)<\/em><\/li>\n<li><em>Werkplein Drentsche Aa (Aa en Hunze, Assen, Tynaarlo)<\/em><\/li>\n<li><em>Werkzaak Rivierenland (Buren, Culemborg, Maasdriel, Neder-Betuwe, Tiel, West Betuwe, West Maas en Waal, Zaltbommel)<\/em><\/li>\n<li><em>Gemeente Edam-Volendam<\/em><\/li>\n<\/ol>\n<p><em>Ek olarak baz\u0131 kurulu\u015flar, \u00f6rne\u011fin <strong>Werkom<\/strong>, ayn\u0131 zamanda <strong>WerkgeversServicepunt (WSP)<\/strong>\u2019yi temsil etmektedir. Ayr\u0131ca, <strong>RBO<\/strong>, <strong>RMT Groot Amsterdam<\/strong> ve <strong>Rivierenland<\/strong> ile yeni i\u015f birlikleri kurulmu\u015ftur.<\/em><\/p>\n<p><em>Belediye listenizde yer alm\u0131yorsa, yine de kay\u0131t olabilirsiniz. Sizin ad\u0131n\u0131za belediyenizle ileti\u015fime ge\u00e7erek projelerimize kat\u0131l\u0131m\u0131n\u0131z\u0131 sa\u011flayabiliriz.<\/em>[\/vc_column_text][\/vc_column][vc_column width=&#8221;1\/3&#8243;][\/vc_column][\/vc_row][vc_row][vc_column][vc_column_text]<a href=\"https:\/\/werhere.nl\/tr\/projelerimiz\/\"><em>Devam\u0131n\u0131 oku \u00a0\u2192\u00a0 PROJELER\u0130M\u0130Z<\/em><\/a>[\/vc_column_text][\/vc_column][\/vc_row]<\/p>\n","protected":false},"excerpt":{"rendered":"[vc_row][vc_column width=&#8221;2\/3&#8243;][vc_column_text]Belediyeler, projelerimizin hayata ge\u00e7irilmesinde kritik rol oynar. \u0130\u015f birli\u011fi yapt\u0131\u011f\u0131m\u0131z belediyeler sayesinde, e\u011fitim ve y\u00f6nlendirme programlar\u0131m\u0131z\u0131n \u00fccretleri ile kat\u0131l\u0131mc\u0131lar\u0131n yol masraflar\u0131 belediyeler taraf\u0131ndan kar\u015f\u0131lanma imk\u00e2n\u0131na sahiptir. B\u00f6ylece, kat\u0131l\u0131mc\u0131lar hi\u00e7bir maddi engel olmadan projelerimize d\u00e2hil olabilirler. \u0130\u015f birli\u011fi yapt\u0131\u011f\u0131m\u0131z belediyeler ve b\u00f6lgesel kurulu\u015flar: BWRI (Midden-Groningen) Gemeente Altena Gemeente Amsterdam Gemeente Apeldoorn Gemeente Barneveld Gemeente Breda&#8230;","protected":false},"author":2,"featured_media":0,"parent":0,"menu_order":0,"comment_status":"closed","ping_status":"closed","template":"","meta":{"_seopress_robots_primary_cat":""},"_links":{"self":[{"href":"https:\/\/werhere.nl\/tr\/wp-json\/wp\/v2\/pages\/6228"}],"collection":[{"href":"https:\/\/werhere.nl\/tr\/wp-json\/wp\/v2\/pages"}],"about":[{"href":"https:\/\/werhere.nl\/tr\/wp-json\/wp\/v2\/types\/page"}],"author":[{"embeddable":true,"href":"https:\/\/werhere.nl\/tr\/wp-json\/wp\/v2\/users\/2"}],"replies":[{"embeddable":true,"href":"https:\/\/werhere.nl\/tr\/wp-json\/wp\/v2\/comments?post=6228"}],"version-history":[{"count":1,"href":"https:\/\/werhere.nl\/tr\/wp-json\/wp\/v2\/pages\/6228\/revisions"}],"predecessor-version":[{"id":6229,"href":"https:\/\/werhere.nl\/tr\/wp-json\/wp\/v2\/pages\/6228\/revisions\/6229"}],"wp:attachment":[{"href":"https:\/\/werhere.nl\/tr\/wp-json\/wp\/v2\/media?parent=6228"}],"curies":[{"name":"wp","href":"https:\/\/api.w.org\/{rel}","templated":true}]}}