{"id":6232,"date":"2025-08-27T20:17:25","date_gmt":"2025-08-27T20:17:25","guid":{"rendered":"https:\/\/werhere.nl\/tr\/?page_id=6232"},"modified":"2025-08-27T20:17:25","modified_gmt":"2025-08-27T20:17:25","slug":"projelerimiz","status":"publish","type":"page","link":"https:\/\/werhere.nl\/tr\/projelerimiz\/","title":{"rendered":"Projelerimiz"},"content":{"rendered":"<p>[vc_row][vc_column width=&#8221;2\/3&#8243;][vc_column_text]<em>We\u2019RHERE, Hollanda\u2019da i\u015f hayat\u0131na h\u0131zl\u0131 ve g\u00fc\u00e7l\u00fc bir giri\u015f yapman\u0131z\u0131 sa\u011flamak i\u00e7in hem <strong>sekt\u00f6re \u00f6zel projeler<\/strong> hem de <strong>genel dil kurslar\u0131<\/strong> sunar.<br \/>\nProgramlar\u0131m\u0131z, <strong>kaderda\u015fl\u0131k metodolojisi<\/strong> ile haz\u0131rlan\u0131r ve kat\u0131l\u0131mc\u0131lar\u0131n hem mesleki hem de sosyal a\u00e7\u0131dan geli\u015fimini hedefler.<\/em><\/p>\n<p><em>\ud83d\udca1<\/em><em> \u0130ster sekt\u00f6rel bir projeye kat\u0131l\u0131n, ister sadece dil becerilerinizi geli\u015ftirin \u2014 We\u2019RHERE, size hedeflerinize uygun bir yol sunar.<\/em>[\/vc_column_text][\/vc_column][vc_column width=&#8221;1\/3&#8243;][\/vc_column][\/vc_row][vc_row][vc_column][vc_column_text]<a href=\"https:\/\/werhere.nl\/tr\/sektorel-projelerimiz\/\"><em>Devam\u0131n\u0131 oku \u00a0\u2192\u00a0 SEKT\u00d6REL PROJELERIMIZ<\/em><\/a><br \/>\n<a href=\"https:\/\/werhere.nl\/tr\/genel-ve-sektorel-dil-kurslari\/\"><em>Devam\u0131n\u0131 oku \u00a0\u2192\u00a0 Genel ve Sekt\u00f6rel Dil Kurslar\u0131<\/em><\/a>[\/vc_column_text][\/vc_column][\/vc_row]<\/p>\n","protected":false},"excerpt":{"rendered":"[vc_row][vc_column width=&#8221;2\/3&#8243;][vc_column_text]We\u2019RHERE, Hollanda\u2019da i\u015f hayat\u0131na h\u0131zl\u0131 ve g\u00fc\u00e7l\u00fc bir giri\u015f yapman\u0131z\u0131 sa\u011flamak i\u00e7in hem sekt\u00f6re \u00f6zel projeler hem de genel dil kurslar\u0131 sunar. Programlar\u0131m\u0131z, kaderda\u015fl\u0131k metodolojisi ile haz\u0131rlan\u0131r ve kat\u0131l\u0131mc\u0131lar\u0131n hem mesleki hem de sosyal a\u00e7\u0131dan geli\u015fimini hedefler. \ud83d\udca1 \u0130ster sekt\u00f6rel bir projeye kat\u0131l\u0131n, ister sadece dil becerilerinizi geli\u015ftirin \u2014 We\u2019RHERE, size hedeflerinize uygun bir&#8230;","protected":false},"author":2,"featured_media":0,"parent":0,"menu_order":0,"comment_status":"closed","ping_status":"closed","template":"","meta":{"_seopress_robots_primary_cat":""},"_links":{"self":[{"href":"https:\/\/werhere.nl\/tr\/wp-json\/wp\/v2\/pages\/6232"}],"collection":[{"href":"https:\/\/werhere.nl\/tr\/wp-json\/wp\/v2\/pages"}],"about":[{"href":"https:\/\/werhere.nl\/tr\/wp-json\/wp\/v2\/types\/page"}],"author":[{"embeddable":true,"href":"https:\/\/werhere.nl\/tr\/wp-json\/wp\/v2\/users\/2"}],"replies":[{"embeddable":true,"href":"https:\/\/werhere.nl\/tr\/wp-json\/wp\/v2\/comments?post=6232"}],"version-history":[{"count":3,"href":"https:\/\/werhere.nl\/tr\/wp-json\/wp\/v2\/pages\/6232\/revisions"}],"predecessor-version":[{"id":6235,"href":"https:\/\/werhere.nl\/tr\/wp-json\/wp\/v2\/pages\/6232\/revisions\/6235"}],"wp:attachment":[{"href":"https:\/\/werhere.nl\/tr\/wp-json\/wp\/v2\/media?parent=6232"}],"curies":[{"name":"wp","href":"https:\/\/api.w.org\/{rel}","templated":true}]}}