{"id":6237,"date":"2025-08-27T20:19:36","date_gmt":"2025-08-27T20:19:36","guid":{"rendered":"https:\/\/werhere.nl\/tr\/?page_id=6237"},"modified":"2025-08-27T20:19:36","modified_gmt":"2025-08-27T20:19:36","slug":"sektorel-projelerimiz","status":"publish","type":"page","link":"https:\/\/werhere.nl\/tr\/sektorel-projelerimiz\/","title":{"rendered":"Sekt\u00f6rel Projelerimiz"},"content":{"rendered":"<p>[vc_row][vc_column width=&#8221;2\/3&#8243;][vc_column_text]Her proje, kendi sekt\u00f6r\u00fcnde uzmanl\u0131k kazand\u0131rmay\u0131 ve sekt\u00f6rde kullan\u0131lan mesleki dili (vaktaal) \u00f6\u011fretmeyi ama\u00e7lar.<\/p>\n<ul>\n<li>IT &amp; Yaz\u0131l\u0131m \u2013 <em>VIT Projesi<\/em><br \/>\nBili\u015fim teknolojilerinde kariyer hedefleyenler i\u00e7in teknik e\u011fitim, proje \u00e7al\u0131\u015fmalar\u0131 ve IT vaktaal.<\/li>\n<li>E\u011fitim &amp; \u00d6\u011fretmenlik \u2013 <em>Nieuwe Docent Projesi<\/em><br \/>\nHollanda e\u011fitim sistemine giri\u015f, g\u00f6n\u00fcll\u00fc \u00e7al\u0131\u015fma, mentorluk ve \u00f6\u011fretmenlik vaktaal.<\/li>\n<li>Finans &amp; Muhasebe \u2013 <em>Finance Administration \/ KYC-CDD<\/em><br \/>\nBankac\u0131l\u0131k, finansal hizmetler ve kurumsal muhasebeye giri\u015f, KYC-compliance e\u011fitimi ve finans vaktaal.<\/li>\n<\/ul>\n<p>[\/vc_column_text][\/vc_column][vc_column width=&#8221;1\/3&#8243;][\/vc_column][\/vc_row]<\/p>\n","protected":false},"excerpt":{"rendered":"[vc_row][vc_column width=&#8221;2\/3&#8243;][vc_column_text]Her proje, kendi sekt\u00f6r\u00fcnde uzmanl\u0131k kazand\u0131rmay\u0131 ve sekt\u00f6rde kullan\u0131lan mesleki dili (vaktaal) \u00f6\u011fretmeyi ama\u00e7lar. IT &amp; Yaz\u0131l\u0131m \u2013 VIT Projesi Bili\u015fim teknolojilerinde kariyer hedefleyenler i\u00e7in teknik e\u011fitim, proje \u00e7al\u0131\u015fmalar\u0131 ve IT vaktaal. E\u011fitim &amp; \u00d6\u011fretmenlik \u2013 Nieuwe Docent Projesi Hollanda e\u011fitim sistemine giri\u015f, g\u00f6n\u00fcll\u00fc \u00e7al\u0131\u015fma, mentorluk ve \u00f6\u011fretmenlik vaktaal. Finans &amp; Muhasebe \u2013 Finance&#8230;","protected":false},"author":2,"featured_media":0,"parent":0,"menu_order":0,"comment_status":"closed","ping_status":"closed","template":"","meta":{"_seopress_robots_primary_cat":""},"_links":{"self":[{"href":"https:\/\/werhere.nl\/tr\/wp-json\/wp\/v2\/pages\/6237"}],"collection":[{"href":"https:\/\/werhere.nl\/tr\/wp-json\/wp\/v2\/pages"}],"about":[{"href":"https:\/\/werhere.nl\/tr\/wp-json\/wp\/v2\/types\/page"}],"author":[{"embeddable":true,"href":"https:\/\/werhere.nl\/tr\/wp-json\/wp\/v2\/users\/2"}],"replies":[{"embeddable":true,"href":"https:\/\/werhere.nl\/tr\/wp-json\/wp\/v2\/comments?post=6237"}],"version-history":[{"count":2,"href":"https:\/\/werhere.nl\/tr\/wp-json\/wp\/v2\/pages\/6237\/revisions"}],"predecessor-version":[{"id":6239,"href":"https:\/\/werhere.nl\/tr\/wp-json\/wp\/v2\/pages\/6237\/revisions\/6239"}],"wp:attachment":[{"href":"https:\/\/werhere.nl\/tr\/wp-json\/wp\/v2\/media?parent=6237"}],"curies":[{"name":"wp","href":"https:\/\/api.w.org\/{rel}","templated":true}]}}