{"id":6241,"date":"2025-08-27T20:24:51","date_gmt":"2025-08-27T20:24:51","guid":{"rendered":"https:\/\/werhere.nl\/tr\/?page_id=6241"},"modified":"2025-08-27T20:25:51","modified_gmt":"2025-08-27T20:25:51","slug":"finans-muhasebe-leerwerktraject-kyc-cdd","status":"publish","type":"page","link":"https:\/\/werhere.nl\/tr\/finans-muhasebe-leerwerktraject-kyc-cdd\/","title":{"rendered":"Finans &#038; Muhasebe \u2013 Leerwerktraject KYC\/CDD"},"content":{"rendered":"<p>[vc_row][vc_column][vc_column_text]<strong>CDD\/KYC Analist Projesi<\/strong><\/p>\n<p>Hollanda\u2019da finans sekt\u00f6r\u00fc, \u00f6zellikle bankac\u0131l\u0131k ve kurumsal hizmetlerde CDD (Customer Due Diligence) ve KYC (Know Your Customer) analistlerine b\u00fcy\u00fck talep g\u00f6stermektedir.<br \/>\nWe\u2019RHERE olarak, oturum izni olan ve bu alanda kariyer yapmak isteyen y\u00fcksek\u00f6\u011frenim mezunu g\u00f6\u00e7menler i\u00e7in \u00f6zel bir haz\u0131rl\u0131k ve yerle\u015ftirme program\u0131 d\u00fczenliyoruz.<\/p>\n<p><strong>Programda Neler Var?<\/strong><\/p>\n<p>Sekt\u00f6re Y\u00f6nelik E\u011fitimler<\/p>\n<p><em>Juridisch Vaktaal<\/em>: Hollanda\u2019daki yasal terimler ve i\u015fyeri dili<\/p>\n<p><em>CDD Professional<\/em>: M\u00fc\u015fteri tan\u0131ma, risk analizi ve AML (Anti-Money Laundering) prosed\u00fcrleri<\/p>\n<p>Mentorluk<\/p>\n<p>H\u00e2lihaz\u0131rda bu pozisyonda \u00e7al\u0131\u015fan profesyonellerden birebir mentorluk ve rehberlik<\/p>\n<p>\u0130\u015f Arama ve Ba\u015fvuru Deste\u011fi<\/p>\n<p>CV ve motivasyon mektubu haz\u0131rlama<\/p>\n<p>LinkedIn profil optimizasyonu<\/p>\n<p>M\u00fclakat teknikleri ve sim\u00fclasyonlar<\/p>\n<p><strong>Kimler Kat\u0131labilir?<\/strong><\/p>\n<p>Hollanda\u2019da CDD\/KYC analisti veya finans alan\u0131nda \u00e7al\u0131\u015fmak isteyen y\u00fcksek\u00f6\u011frenim mezunlar\u0131<\/p>\n<p>En az A2 seviyesinde Hollandaca bilgisine sahip olanlar (B1 tercih edilir)<\/p>\n<p>G\u00f6n\u00fcll\u00fc \u00e7al\u0131\u015fma veya k\u0131sa s\u00fcreli staj yapabilecek adaylar<\/p>\n<p>\u00d6ncelik, belediye \u00fczerinden uitkering (gelir deste\u011fi) alan adaylara verilir.<br \/>\nDi\u011fer adaylar da ba\u015fvurabilir; finansman\u0131 garanti edemesek de, alternatif kaynaklar bularak kat\u0131l\u0131m \u00fccretini kar\u015f\u0131lamak i\u00e7in destek sunar\u0131z.<\/p>\n<p><strong>\ud83d\udca1 Mezuniyet Sonras\u0131<\/strong><br \/>\nProgram\u0131 ba\u015far\u0131yla tamamlayan adaylar, bankalar ve finans kurulu\u015flar\u0131ndaki junior analist veya CDD\/KYC analisti pozisyonlar\u0131nda i\u015fe ba\u015flama imk\u00e2n\u0131 elde eder.[\/vc_column_text][\/vc_column][\/vc_row]<\/p>\n","protected":false},"excerpt":{"rendered":"[vc_row][vc_column][vc_column_text]CDD\/KYC Analist Projesi Hollanda\u2019da finans sekt\u00f6r\u00fc, \u00f6zellikle bankac\u0131l\u0131k ve kurumsal hizmetlerde CDD (Customer Due Diligence) ve KYC (Know Your Customer) analistlerine b\u00fcy\u00fck talep g\u00f6stermektedir. We\u2019RHERE olarak, oturum izni olan ve bu alanda kariyer yapmak isteyen y\u00fcksek\u00f6\u011frenim mezunu g\u00f6\u00e7menler i\u00e7in \u00f6zel bir haz\u0131rl\u0131k ve yerle\u015ftirme program\u0131 d\u00fczenliyoruz. Programda Neler Var? Sekt\u00f6re Y\u00f6nelik E\u011fitimler Juridisch Vaktaal: Hollanda\u2019daki&#8230;","protected":false},"author":2,"featured_media":0,"parent":0,"menu_order":0,"comment_status":"closed","ping_status":"closed","template":"","meta":{"_seopress_robots_primary_cat":""},"_links":{"self":[{"href":"https:\/\/werhere.nl\/tr\/wp-json\/wp\/v2\/pages\/6241"}],"collection":[{"href":"https:\/\/werhere.nl\/tr\/wp-json\/wp\/v2\/pages"}],"about":[{"href":"https:\/\/werhere.nl\/tr\/wp-json\/wp\/v2\/types\/page"}],"author":[{"embeddable":true,"href":"https:\/\/werhere.nl\/tr\/wp-json\/wp\/v2\/users\/2"}],"replies":[{"embeddable":true,"href":"https:\/\/werhere.nl\/tr\/wp-json\/wp\/v2\/comments?post=6241"}],"version-history":[{"count":2,"href":"https:\/\/werhere.nl\/tr\/wp-json\/wp\/v2\/pages\/6241\/revisions"}],"predecessor-version":[{"id":6243,"href":"https:\/\/werhere.nl\/tr\/wp-json\/wp\/v2\/pages\/6241\/revisions\/6243"}],"wp:attachment":[{"href":"https:\/\/werhere.nl\/tr\/wp-json\/wp\/v2\/media?parent=6241"}],"curies":[{"name":"wp","href":"https:\/\/api.w.org\/{rel}","templated":true}]}}