{"id":6244,"date":"2025-08-27T20:26:47","date_gmt":"2025-08-27T20:26:47","guid":{"rendered":"https:\/\/werhere.nl\/tr\/?page_id=6244"},"modified":"2025-08-27T20:26:47","modified_gmt":"2025-08-27T20:26:47","slug":"genel-ve-sektorel-dil-kurslari","status":"publish","type":"page","link":"https:\/\/werhere.nl\/tr\/genel-ve-sektorel-dil-kurslari\/","title":{"rendered":"Genel ve Sekt\u00f6rel Dil Kurslar\u0131"},"content":{"rendered":"<p>[vc_row][vc_column][vc_column_text]Sekt\u00f6r projelerimizin yan\u0131 s\u0131ra, <strong>genel Hollandaca<\/strong> ve <strong>mesleki vaktaal<\/strong> e\u011fitimleri de sunuyoruz.<\/p>\n<p><strong>Genel Hollandaca Dil Kursu<\/strong> \u2013 G\u00fcnl\u00fck ya\u015fam ve i\u015f hayat\u0131nda ak\u0131c\u0131 ileti\u015fim.<\/p>\n<p><strong>Vaktaal Mod\u00fclleri<\/strong> \u2013 IT, e\u011fitim, finans ve yak\u0131nda sa\u011fl\u0131k gibi farkl\u0131 sekt\u00f6rlere \u00f6zel dil e\u011fitimi.[\/vc_column_text][\/vc_column][\/vc_row]<\/p>\n","protected":false},"excerpt":{"rendered":"[vc_row][vc_column][vc_column_text]Sekt\u00f6r projelerimizin yan\u0131 s\u0131ra, genel Hollandaca ve mesleki vaktaal e\u011fitimleri de sunuyoruz. Genel Hollandaca Dil Kursu \u2013 G\u00fcnl\u00fck ya\u015fam ve i\u015f hayat\u0131nda ak\u0131c\u0131 ileti\u015fim. Vaktaal Mod\u00fclleri \u2013 IT, e\u011fitim, finans ve yak\u0131nda sa\u011fl\u0131k gibi farkl\u0131 sekt\u00f6rlere \u00f6zel dil e\u011fitimi.[\/vc_column_text][\/vc_column][\/vc_row]","protected":false},"author":2,"featured_media":0,"parent":0,"menu_order":0,"comment_status":"closed","ping_status":"closed","template":"","meta":{"_seopress_robots_primary_cat":""},"_links":{"self":[{"href":"https:\/\/werhere.nl\/tr\/wp-json\/wp\/v2\/pages\/6244"}],"collection":[{"href":"https:\/\/werhere.nl\/tr\/wp-json\/wp\/v2\/pages"}],"about":[{"href":"https:\/\/werhere.nl\/tr\/wp-json\/wp\/v2\/types\/page"}],"author":[{"embeddable":true,"href":"https:\/\/werhere.nl\/tr\/wp-json\/wp\/v2\/users\/2"}],"replies":[{"embeddable":true,"href":"https:\/\/werhere.nl\/tr\/wp-json\/wp\/v2\/comments?post=6244"}],"version-history":[{"count":2,"href":"https:\/\/werhere.nl\/tr\/wp-json\/wp\/v2\/pages\/6244\/revisions"}],"predecessor-version":[{"id":6246,"href":"https:\/\/werhere.nl\/tr\/wp-json\/wp\/v2\/pages\/6244\/revisions\/6246"}],"wp:attachment":[{"href":"https:\/\/werhere.nl\/tr\/wp-json\/wp\/v2\/media?parent=6244"}],"curies":[{"name":"wp","href":"https:\/\/api.w.org\/{rel}","templated":true}]}}