{"id":6247,"date":"2025-08-27T20:27:49","date_gmt":"2025-08-27T20:27:49","guid":{"rendered":"https:\/\/werhere.nl\/tr\/?page_id=6247"},"modified":"2025-08-27T20:27:49","modified_gmt":"2025-08-27T20:27:49","slug":"sektorel-dil-egitimi-vaktaal","status":"publish","type":"page","link":"https:\/\/werhere.nl\/tr\/sektorel-dil-egitimi-vaktaal\/","title":{"rendered":"Sekt\u00f6rel Dil E\u011fitimi \u2013 Vaktaal"},"content":{"rendered":"<p>[vc_row][vc_column][vc_column_text]<strong>Vaktaal &amp; Mesleki Dil E\u011fitimi<\/strong><\/p>\n<p>Mesleki dil, yaln\u0131zca kelimeleri bilmek de\u011fil, ayn\u0131 zamanda sekt\u00f6rde kullan\u0131lan terim, ifade ve ileti\u015fim bi\u00e7imlerini do\u011fru ve yerinde kullanabilmektir.<br \/>\nWe\u2019RHERE olarak, <strong>IT vaktaal<\/strong> e\u011fitimlerini ba\u015far\u0131yla uygulad\u0131k ve kat\u0131l\u0131mc\u0131lar\u0131m\u0131z\u0131n sekt\u00f6re h\u0131zl\u0131 uyum sa\u011flamas\u0131na yard\u0131mc\u0131 olduk.<\/p>\n<p>\u015eimdi <strong>APIS Academy<\/strong> i\u015f birli\u011fiyle, mevcut projelerimizin i\u00e7ine vaktaal mod\u00fcllerini entegre ediyoruz. B\u00f6ylece kat\u0131l\u0131mc\u0131lar\u0131m\u0131z, hem proje alan\u0131nda uzmanl\u0131k kazanacak hem de o alanda kullan\u0131lan profesyonel dili \u00f6\u011frenecek.<\/p>\n<p><strong>Mevcut ve Yak\u0131nda A\u00e7\u0131lacak Mod\u00fcller<\/strong><\/p>\n<ul>\n<li><strong>IT Vaktaal (Hollandaca)<\/strong> \u2013 Hemen kay\u0131t olabilirsiniz.<\/li>\n<li><strong>IT Vaktaal (\u0130ngilizce)<\/strong> \u2013 Ayr\u0131ca <strong>ba\u011f\u0131ms\u0131z olarak<\/strong> sat\u0131n al\u0131nabilir ve projelerden ba\u011f\u0131ms\u0131z olarak takip edilebilir.<\/li>\n<li><strong>Di\u011fer Sekt\u00f6rler (yak\u0131nda)<\/strong> \u2013 E\u011fitim &amp; \u00f6\u011fretmenlik, finans &amp; muhasebe, sa\u011fl\u0131k gibi alanlara \u00f6zel vaktaal mod\u00fclleri geli\u015ftirme a\u015famas\u0131ndad\u0131r. \u00c7ok yak\u0131nda ba\u015fvurular a\u00e7\u0131lacakt\u0131r.<\/li>\n<\/ul>\n<p>\ud83d\udca1 Vaktaal e\u011fitimi, yaln\u0131zca dil becerinizi geli\u015ftirmekle kalmaz, ayn\u0131 zamanda i\u015f g\u00f6r\u00fc\u015fmeleri, yaz\u0131\u015fmalar ve i\u015fyeri ileti\u015fiminizde profesyonel bir etki yarat\u0131r.[\/vc_column_text][\/vc_column][\/vc_row]<\/p>\n","protected":false},"excerpt":{"rendered":"[vc_row][vc_column][vc_column_text]Vaktaal &amp; Mesleki Dil E\u011fitimi Mesleki dil, yaln\u0131zca kelimeleri bilmek de\u011fil, ayn\u0131 zamanda sekt\u00f6rde kullan\u0131lan terim, ifade ve ileti\u015fim bi\u00e7imlerini do\u011fru ve yerinde kullanabilmektir. We\u2019RHERE olarak, IT vaktaal e\u011fitimlerini ba\u015far\u0131yla uygulad\u0131k ve kat\u0131l\u0131mc\u0131lar\u0131m\u0131z\u0131n sekt\u00f6re h\u0131zl\u0131 uyum sa\u011flamas\u0131na yard\u0131mc\u0131 olduk. \u015eimdi APIS Academy i\u015f birli\u011fiyle, mevcut projelerimizin i\u00e7ine vaktaal mod\u00fcllerini entegre ediyoruz. B\u00f6ylece kat\u0131l\u0131mc\u0131lar\u0131m\u0131z, hem proje&#8230;","protected":false},"author":2,"featured_media":0,"parent":0,"menu_order":0,"comment_status":"closed","ping_status":"closed","template":"","meta":{"_seopress_robots_primary_cat":""},"_links":{"self":[{"href":"https:\/\/werhere.nl\/tr\/wp-json\/wp\/v2\/pages\/6247"}],"collection":[{"href":"https:\/\/werhere.nl\/tr\/wp-json\/wp\/v2\/pages"}],"about":[{"href":"https:\/\/werhere.nl\/tr\/wp-json\/wp\/v2\/types\/page"}],"author":[{"embeddable":true,"href":"https:\/\/werhere.nl\/tr\/wp-json\/wp\/v2\/users\/2"}],"replies":[{"embeddable":true,"href":"https:\/\/werhere.nl\/tr\/wp-json\/wp\/v2\/comments?post=6247"}],"version-history":[{"count":2,"href":"https:\/\/werhere.nl\/tr\/wp-json\/wp\/v2\/pages\/6247\/revisions"}],"predecessor-version":[{"id":6249,"href":"https:\/\/werhere.nl\/tr\/wp-json\/wp\/v2\/pages\/6247\/revisions\/6249"}],"wp:attachment":[{"href":"https:\/\/werhere.nl\/tr\/wp-json\/wp\/v2\/media?parent=6247"}],"curies":[{"name":"wp","href":"https:\/\/api.w.org\/{rel}","templated":true}]}}