{"id":6250,"date":"2025-08-27T20:28:42","date_gmt":"2025-08-27T20:28:42","guid":{"rendered":"https:\/\/werhere.nl\/tr\/?page_id=6250"},"modified":"2025-08-27T20:28:42","modified_gmt":"2025-08-27T20:28:42","slug":"hollandaca-dil-kursu","status":"publish","type":"page","link":"https:\/\/werhere.nl\/tr\/hollandaca-dil-kursu\/","title":{"rendered":"Hollandaca Dil Kursu"},"content":{"rendered":"<p>[vc_row][vc_column][vc_column_text]<strong>Genel Hollandaca Dil Kursu<\/strong><br \/>\nHollanda\u2019da hem g\u00fcnl\u00fck ya\u015famda hem de i\u015f hayat\u0131nda ak\u0131c\u0131 ileti\u015fim kurmak isteyenler i\u00e7in \u00f6zel olarak tasarlanm\u0131\u015f bir programd\u0131r.<br \/>\nKursumuz A1 seviyesinden ba\u015flayarak B2+ seviyesine kadar konu\u015fma, dinleme, okuma ve yazma becerilerini geli\u015ftirir.<br \/>\n\u015eu anda <strong>B1\u2013B2 seviyesinde mevcut bir s\u0131n\u0131f\u0131m\u0131z<\/strong> vard\u0131r ve yeni kat\u0131l\u0131mc\u0131lar bilgi almak veya kay\u0131t olmak i\u00e7in ba\u015fvurabilirler.<\/p>\n<ul>\n<li>Programda i\u015f hayat\u0131, k\u00fclt\u00fcr, e\u011fitim, spor ve sosyal ya\u015fam gibi temalar i\u015flenir.<br \/>\nMetodumuz, <strong>Boom uitgevers<\/strong>\u2019\u0131n tan\u0131nm\u0131\u015f e\u011fitim materyallerini e-learning platformu ile birle\u015ftirerek hem s\u0131n\u0131f ortam\u0131nda hem de evde kendi temponuzda ilerleme imk\u00e2n\u0131 sunar.<br \/>\nDersler, pratik konu\u015fma al\u0131\u015ft\u0131rmalar\u0131, diyalog \u00e7al\u0131\u015fmalar\u0131 ve ger\u00e7ek ya\u015fam senaryolar\u0131 ile desteklenir.<\/li>\n<li><strong>\u00d6ncelik<\/strong>, belediye \u00fczerinden uitkering (gelir deste\u011fi) alan adaylara verilir.<br \/>\nBu grupta yer almayan adaylar da ba\u015fvurabilir; finansman\u0131 garanti edemesek de <strong>alternatif kaynaklar<\/strong> ile kat\u0131l\u0131m deste\u011fi sa\u011flamaya \u00e7al\u0131\u015f\u0131r\u0131z.<\/li>\n<\/ul>\n<p>[\/vc_column_text][\/vc_column][\/vc_row]<\/p>\n","protected":false},"excerpt":{"rendered":"[vc_row][vc_column][vc_column_text]Genel Hollandaca Dil Kursu Hollanda\u2019da hem g\u00fcnl\u00fck ya\u015famda hem de i\u015f hayat\u0131nda ak\u0131c\u0131 ileti\u015fim kurmak isteyenler i\u00e7in \u00f6zel olarak tasarlanm\u0131\u015f bir programd\u0131r. Kursumuz A1 seviyesinden ba\u015flayarak B2+ seviyesine kadar konu\u015fma, dinleme, okuma ve yazma becerilerini geli\u015ftirir. \u015eu anda B1\u2013B2 seviyesinde mevcut bir s\u0131n\u0131f\u0131m\u0131z vard\u0131r ve yeni kat\u0131l\u0131mc\u0131lar bilgi almak veya kay\u0131t olmak i\u00e7in ba\u015fvurabilirler. Programda&#8230;","protected":false},"author":2,"featured_media":0,"parent":0,"menu_order":0,"comment_status":"closed","ping_status":"closed","template":"","meta":{"_seopress_robots_primary_cat":""},"_links":{"self":[{"href":"https:\/\/werhere.nl\/tr\/wp-json\/wp\/v2\/pages\/6250"}],"collection":[{"href":"https:\/\/werhere.nl\/tr\/wp-json\/wp\/v2\/pages"}],"about":[{"href":"https:\/\/werhere.nl\/tr\/wp-json\/wp\/v2\/types\/page"}],"author":[{"embeddable":true,"href":"https:\/\/werhere.nl\/tr\/wp-json\/wp\/v2\/users\/2"}],"replies":[{"embeddable":true,"href":"https:\/\/werhere.nl\/tr\/wp-json\/wp\/v2\/comments?post=6250"}],"version-history":[{"count":2,"href":"https:\/\/werhere.nl\/tr\/wp-json\/wp\/v2\/pages\/6250\/revisions"}],"predecessor-version":[{"id":6252,"href":"https:\/\/werhere.nl\/tr\/wp-json\/wp\/v2\/pages\/6250\/revisions\/6252"}],"wp:attachment":[{"href":"https:\/\/werhere.nl\/tr\/wp-json\/wp\/v2\/media?parent=6250"}],"curies":[{"name":"wp","href":"https:\/\/api.w.org\/{rel}","templated":true}]}}